{"id":1952,"date":"2017-12-05T09:52:04","date_gmt":"2017-12-05T08:52:04","guid":{"rendered":"https:\/\/challenge-cagnessurmer.com\/information-sur-les-courses\/entry-fees\/"},"modified":"2024-11-28T15:47:56","modified_gmt":"2024-11-28T14:47:56","slug":"entry-fees","status":"publish","type":"page","link":"https:\/\/challenge-cagnessurmer.com\/fr\/information-sur-les-courses\/entry-fees\/","title":{"rendered":"Tarifs d&rsquo;inscription"},"content":{"rendered":"<div class=\"wpb-content-wrapper\">[vc_row el_class=\u00a0\u00bbtime-schedule\u00a0\u00bb][vc_column][vc_column_text css=\u00a0\u00bb.vc_custom_1668507054728{margin-bottom: 0px !important;}\u00a0\u00bb]\n<div>\n<p>Swim, bike and run in Cagnes sur Mer<\/p>\n<\/div>\n[\/vc_column_text][mk_table]\n<table style=\"width: 97.7199%;\" width=\"100%\">\n<thead>\n<tr>\n<th style=\"width: 49.1803%; text-align: left;\">Challenge M &#8211; Olympic distance<\/th>\n<th style=\"width: 25%;\">Individuel<\/th>\n<th style=\"width: 25%;\">Relais<\/th>\n<\/tr>\n<\/thead>\n<tbody>\n<tr>\n<td style=\"width: 49.1803%;\"><b>\u00a0<\/b><\/td>\n<td style=\"text-align: center; width: 25%;\"><\/td>\n<td style=\"text-align: center; width: 25%;\"><\/td>\n<\/tr>\n<tr>\n<td style=\"width: 49.1803%;\"><b>Juste a 29 november &#8211; avec le code CFBF24<\/b><\/td>\n<td style=\"text-align: center; width: 25%;\">\u20ac 72<\/td>\n<td style=\"text-align: center; width: 25%;\">\u20ac 98,10<\/td>\n<\/tr>\n<tr>\n<td style=\"width: 49.1803%;\"><b>A partir du 30 novembre<\/b><\/td>\n<td style=\"text-align: center; width: 25%;\">\u20ac 80<\/td>\n<td style=\"text-align: center; width: 25%;\">\u20ac 109<\/td>\n<\/tr>\n<tr>\n<td style=\"width: 49.1803%;\"><b>A partir du 10 decembre<\/b><\/td>\n<td style=\"text-align: center; width: 25%;\">\u20ac 90<\/td>\n<td style=\"text-align: center; width: 25%;\"><\/td>\n<\/tr>\n<tr>\n<td style=\"width: 49.1803%;\"><b>A partir du 10 fevrier<\/b><\/td>\n<td style=\"text-align: center; width: 25%;\">\u20ac 95<\/td>\n<td style=\"text-align: center; width: 25%;\">\u20ac 129<\/td>\n<\/tr>\n<tr>\n<td style=\"width: 49.1803%;\"><strong>A partir du 10 avril<\/strong><\/td>\n<td style=\"text-align: center; width: 25%;\">\u20ac 100<\/td>\n<td style=\"text-align: center; width: 25%;\"><\/td>\n<\/tr>\n<tr>\n<td style=\"width: 49.1803%;\"><strong>A partir du 10 mai<\/strong><\/td>\n<td style=\"text-align: center; width: 25%;\">\u20ac 110<\/td>\n<td style=\"text-align: center; width: 25%;\">\u20ac 149<\/td>\n<\/tr>\n<\/tbody>\n<\/table>\n[\/mk_table][vc_row_inner][vc_column_inner][mk_button dimension=\u00a0\u00bbflat\u00a0\u00bb corner_style=\u00a0\u00bbrounded\u00a0\u00bb size=\u00a0\u00bbmedium\u00a0\u00bb url=\u00a0\u00bbhttps:\/\/endurancecui.active.com\/event-reg\/select-race?e=91937906&Prime; target=\u00a0\u00bb_blank\u00a0\u00bb]Inscris toi ici ![\/mk_button][\/vc_column_inner][\/vc_row_inner][\/vc_column][\/vc_row][vc_row el_class=\u00a0\u00bbtime-schedule\u00a0\u00bb][vc_column][mk_divider style=\u00a0\u00bbthin_solid\u00a0\u00bb margin_top=\u00a0\u00bb25&Prime; margin_bottom=\u00a0\u00bb45&Prime;][mk_table]\n<table style=\"width: 97.7199%; height: 192px;\" width=\"100%\">\n<thead>\n<tr style=\"height: 24px;\">\n<th style=\"width: 49.1803%; text-align: left; height: 24px;\">Challenge L &#8211; Middle distance<\/th>\n<th style=\"width: 25%; height: 24px;\">Individuel<\/th>\n<th style=\"width: 25%; height: 24px;\">Relais<\/th>\n<\/tr>\n<\/thead>\n<tbody>\n<tr style=\"height: 48px;\">\n<td style=\"width: 49.1803%; height: 48px;\"><b>Juste a 29 november &#8211; avec le code CFBF24<\/b><\/td>\n<td style=\"text-align: center; width: 25%; height: 48px;\">\u20ac 224,10<\/td>\n<td style=\"text-align: center; width: 25%; height: 48px;\">\u20ac 224,10<\/td>\n<\/tr>\n<tr style=\"height: 24px;\">\n<td style=\"width: 49.1803%; height: 24px;\"><b>A partir du 30 novembre<\/b><\/td>\n<td style=\"text-align: center; width: 25%; height: 24px;\">\u20ac 249<\/td>\n<td style=\"text-align: center; width: 25%; height: 24px;\">\u20ac 249<\/td>\n<\/tr>\n<tr style=\"height: 24px;\">\n<td style=\"width: 49.1803%; height: 24px;\"><b>A partir du 10 decembre<\/b><\/td>\n<td style=\"text-align: center; width: 25%; height: 24px;\">\u20ac 269<\/td>\n<td style=\"text-align: center; width: 25%; height: 24px;\">\u20ac 269<\/td>\n<\/tr>\n<tr style=\"height: 24px;\">\n<td style=\"width: 49.1803%; height: 24px;\"><b>A partir du 10 fevrier<\/b><\/td>\n<td style=\"text-align: center; width: 25%; height: 24px;\">\u20ac 289<\/td>\n<td style=\"text-align: center; width: 25%; height: 24px;\">\u20ac 289<\/td>\n<\/tr>\n<tr style=\"height: 24px;\">\n<td style=\"width: 49.1803%; height: 24px;\"><strong>A partir du 10 avril<\/strong><\/td>\n<td style=\"text-align: center; width: 25%; height: 24px;\">\u20ac 309<\/td>\n<td style=\"text-align: center; width: 25%; height: 24px;\">\u20ac 309<\/td>\n<\/tr>\n<tr style=\"height: 24px;\">\n<td style=\"width: 49.1803%; height: 24px;\"><strong>A partir du 10 mai<\/strong><\/td>\n<td style=\"text-align: center; width: 25%; height: 24px;\">\u20ac 329<\/td>\n<td style=\"text-align: center; width: 25%; height: 24px;\">\u20ac 329<\/td>\n<\/tr>\n<\/tbody>\n<\/table>\n[\/mk_table][vc_row_inner][vc_column_inner][mk_button dimension=\u00a0\u00bbflat\u00a0\u00bb corner_style=\u00a0\u00bbrounded\u00a0\u00bb size=\u00a0\u00bbmedium\u00a0\u00bb url=\u00a0\u00bbhttps:\/\/endurancecui.active.com\/event-reg\/select-race?e=91937906&Prime; target=\u00a0\u00bb_blank\u00a0\u00bb]Inscris-toi ici ![\/mk_button][\/vc_column_inner][\/vc_row_inner][\/vc_column][\/vc_row][vc_row el_class=\u00a0\u00bbtime-schedule\u00a0\u00bb][vc_column][mk_divider style=\u00a0\u00bbthin_solid\u00a0\u00bb margin_top=\u00a0\u00bb25&Prime; margin_bottom=\u00a0\u00bb45&Prime;][mk_table]\n<table style=\"width: 100%;\" width=\"100%\">\n<thead>\n<tr>\n<th style=\"width: 49.1803%; text-align: left;\">Challenge Aquathlon Kids<\/th>\n<th style=\"width: 25%;\">Individuel<\/th>\n<th style=\"width: 25%;\"><\/th>\n<\/tr>\n<\/thead>\n<tbody>\n<tr>\n<td style=\"width: 49.1803%;\"><strong>A partir du 29 novembre 2024<\/strong><\/td>\n<td style=\"text-align: center; width: 25%;\">\u20ac 20<\/td>\n<td style=\"text-align: center; width: 25%;\"><\/td>\n<\/tr>\n<\/tbody>\n<\/table>\n[\/mk_table][vc_row_inner][vc_column_inner][mk_button dimension=\u00a0\u00bbflat\u00a0\u00bb corner_style=\u00a0\u00bbrounded\u00a0\u00bb size=\u00a0\u00bbmedium\u00a0\u00bb url=\u00a0\u00bbhttps:\/\/endurancecui.active.com\/event-reg\/select-race?e=91937906&Prime; target=\u00a0\u00bb_blank\u00a0\u00bb]Inscris-toi ici ! [\/mk_button][\/vc_column_inner][\/vc_row_inner][\/vc_column][\/vc_row][vc_row][vc_column][mk_divider style=\u00a0\u00bbthin_solid\u00a0\u00bb margin_top=\u00a0\u00bb25&Prime; margin_bottom=\u00a0\u00bb45&Prime;][vc_column_text css=\u00a0\u00bb.vc_custom_1712256420200{margin-bottom: 0px !important;}\u00a0\u00bb]Si vous n&rsquo;avez pas de licence FFTRI , il vous faudra :<\/p>\n<ol>\n<li>Compl\u00e9ter et payer votre Pass comp\u00e9tition FFTRI en ligne, \u00e0 pr\u00e9senter le jour J \u00a0( voir plus d&rsquo;information dans le menu pass comp\u00e9tition )<\/li>\n<li>Compl\u00e9ter le FORMULAIRE INFO SANTE \u00e0 pr\u00e9senter le jour J\u00a0 \u00a0( ce qui remplace le certificat m\u00e9dical qui n&rsquo;est plus obligatoire pour les personnes majeurs uniquement<\/li>\n<\/ol>\n[\/vc_column_text][\/vc_column][\/vc_row]\n<\/div>","protected":false},"excerpt":{"rendered":"<p>[vc_row el_class=\u00a0\u00bbtime-schedule\u00a0\u00bb][vc_column][vc_column_text css=\u00a0\u00bb.vc_custom_1668507054728{margin-bottom: 0px !important;}\u00a0\u00bb] Swim, bike and run in Cagnes sur Mer [\/vc_column_text][mk_table] Challenge M &#8211; Olympic distance Individuel Relais \u00a0 Juste a 29 november &#8211; avec le code CFBF24 \u20ac 72 \u20ac 98,10 A partir du 30 novembre \u20ac 80 \u20ac 109 A partir du 10 decembre \u20ac 90 A partir du 10 [&hellip;]<\/p>\n","protected":false},"author":5,"featured_media":0,"parent":1189,"menu_order":0,"comment_status":"closed","ping_status":"closed","template":"","meta":{"footnotes":""},"class_list":["post-1952","page","type-page","status-publish","hentry"],"yoast_head":"<!-- This site is optimized with the Yoast SEO plugin v25.6 - https:\/\/yoast.com\/wordpress\/plugins\/seo\/ -->\n<title>Tarifs d&#039;inscription - Challenge Cagnes-sur-mer<\/title>\n<meta name=\"robots\" content=\"index, follow, max-snippet:-1, max-image-preview:large, max-video-preview:-1\" \/>\n<link rel=\"canonical\" href=\"https:\/\/challenge-cagnessurmer.com\/fr\/information-sur-les-courses\/entry-fees\/\" \/>\n<meta property=\"og:locale\" content=\"fr_FR\" \/>\n<meta property=\"og:type\" content=\"article\" \/>\n<meta property=\"og:title\" content=\"Tarifs d&#039;inscription - Challenge Cagnes-sur-mer\" \/>\n<meta property=\"og:description\" content=\"[vc_row el_class=\u00a0\u00bbtime-schedule\u00a0\u00bb][vc_column][vc_column_text css=\u00a0\u00bb.vc_custom_1668507054728{margin-bottom: 0px !important;}\u00a0\u00bb] Swim, bike and run in Cagnes sur Mer [\/vc_column_text][mk_table] Challenge M &#8211; Olympic distance Individuel Relais \u00a0 Juste a 29 november &#8211; avec le code CFBF24 \u20ac 72 \u20ac 98,10 A partir du 30 novembre \u20ac 80 \u20ac 109 A partir du 10 decembre \u20ac 90 A partir du 10 [&hellip;]\" \/>\n<meta property=\"og:url\" content=\"https:\/\/challenge-cagnessurmer.com\/fr\/information-sur-les-courses\/entry-fees\/\" \/>\n<meta property=\"og:site_name\" content=\"Challenge Cagnes-sur-mer\" \/>\n<meta property=\"article:publisher\" content=\"https:\/\/www.facebook.com\/challengecagnes\" \/>\n<meta property=\"article:modified_time\" content=\"2024-11-28T14:47:56+00:00\" \/>\n<meta name=\"twitter:card\" content=\"summary_large_image\" \/>\n<meta name=\"twitter:label1\" content=\"Dur\u00e9e de lecture estim\u00e9e\" \/>\n\t<meta name=\"twitter:data1\" content=\"2 minutes\" \/>\n<script type=\"application\/ld+json\" class=\"yoast-schema-graph\">{\"@context\":\"https:\/\/schema.org\",\"@graph\":[{\"@type\":\"WebPage\",\"@id\":\"https:\/\/challenge-cagnessurmer.com\/fr\/information-sur-les-courses\/entry-fees\/\",\"url\":\"https:\/\/challenge-cagnessurmer.com\/fr\/information-sur-les-courses\/entry-fees\/\",\"name\":\"Tarifs d'inscription - Challenge Cagnes-sur-mer\",\"isPartOf\":{\"@id\":\"https:\/\/challenge-cagnessurmer.com\/#website\"},\"datePublished\":\"2017-12-05T08:52:04+00:00\",\"dateModified\":\"2024-11-28T14:47:56+00:00\",\"breadcrumb\":{\"@id\":\"https:\/\/challenge-cagnessurmer.com\/fr\/information-sur-les-courses\/entry-fees\/#breadcrumb\"},\"inLanguage\":\"fr-FR\",\"potentialAction\":[{\"@type\":\"ReadAction\",\"target\":[\"https:\/\/challenge-cagnessurmer.com\/fr\/information-sur-les-courses\/entry-fees\/\"]}]},{\"@type\":\"BreadcrumbList\",\"@id\":\"https:\/\/challenge-cagnessurmer.com\/fr\/information-sur-les-courses\/entry-fees\/#breadcrumb\",\"itemListElement\":[{\"@type\":\"ListItem\",\"position\":1,\"name\":\"Home\",\"item\":\"https:\/\/challenge-cagnessurmer.com\/fr\/\"},{\"@type\":\"ListItem\",\"position\":2,\"name\":\"Information sur les courses\",\"item\":\"https:\/\/challenge-cagnessurmer.com\/fr\/information-sur-les-courses\/\"},{\"@type\":\"ListItem\",\"position\":3,\"name\":\"Tarifs d&rsquo;inscription\"}]},{\"@type\":\"WebSite\",\"@id\":\"https:\/\/challenge-cagnessurmer.com\/#website\",\"url\":\"https:\/\/challenge-cagnessurmer.com\/\",\"name\":\"Challenge Cagnes-sur-mer\",\"description\":\"We are triathlon\",\"publisher\":{\"@id\":\"https:\/\/challenge-cagnessurmer.com\/#organization\"},\"potentialAction\":[{\"@type\":\"SearchAction\",\"target\":{\"@type\":\"EntryPoint\",\"urlTemplate\":\"https:\/\/challenge-cagnessurmer.com\/?s={search_term_string}\"},\"query-input\":{\"@type\":\"PropertyValueSpecification\",\"valueRequired\":true,\"valueName\":\"search_term_string\"}}],\"inLanguage\":\"fr-FR\"},{\"@type\":\"Organization\",\"@id\":\"https:\/\/challenge-cagnessurmer.com\/#organization\",\"name\":\"Challenge Cagnes-sur-mer\",\"url\":\"https:\/\/challenge-cagnessurmer.com\/\",\"logo\":{\"@type\":\"ImageObject\",\"inLanguage\":\"fr-FR\",\"@id\":\"https:\/\/challenge-cagnessurmer.com\/#\/schema\/logo\/image\/\",\"url\":\"https:\/\/challenge-cagnessurmer.com\/wp-content\/uploads\/sites\/59\/2022\/11\/cc-horizontal-rgb.png\",\"contentUrl\":\"https:\/\/challenge-cagnessurmer.com\/wp-content\/uploads\/sites\/59\/2022\/11\/cc-horizontal-rgb.png\",\"width\":1785,\"height\":649,\"caption\":\"Challenge Cagnes-sur-mer\"},\"image\":{\"@id\":\"https:\/\/challenge-cagnessurmer.com\/#\/schema\/logo\/image\/\"},\"sameAs\":[\"https:\/\/www.facebook.com\/challengecagnes\",\"https:\/\/www.instagram.com\/challengecagnes\/\"]}]}<\/script>\n<!-- \/ Yoast SEO plugin. -->","yoast_head_json":{"title":"Tarifs d'inscription - Challenge Cagnes-sur-mer","robots":{"index":"index","follow":"follow","max-snippet":"max-snippet:-1","max-image-preview":"max-image-preview:large","max-video-preview":"max-video-preview:-1"},"canonical":"https:\/\/challenge-cagnessurmer.com\/fr\/information-sur-les-courses\/entry-fees\/","og_locale":"fr_FR","og_type":"article","og_title":"Tarifs d'inscription - Challenge Cagnes-sur-mer","og_description":"[vc_row el_class=\u00a0\u00bbtime-schedule\u00a0\u00bb][vc_column][vc_column_text css=\u00a0\u00bb.vc_custom_1668507054728{margin-bottom: 0px !important;}\u00a0\u00bb] Swim, bike and run in Cagnes sur Mer [\/vc_column_text][mk_table] Challenge M &#8211; Olympic distance Individuel Relais \u00a0 Juste a 29 november &#8211; avec le code CFBF24 \u20ac 72 \u20ac 98,10 A partir du 30 novembre \u20ac 80 \u20ac 109 A partir du 10 decembre \u20ac 90 A partir du 10 [&hellip;]","og_url":"https:\/\/challenge-cagnessurmer.com\/fr\/information-sur-les-courses\/entry-fees\/","og_site_name":"Challenge Cagnes-sur-mer","article_publisher":"https:\/\/www.facebook.com\/challengecagnes","article_modified_time":"2024-11-28T14:47:56+00:00","twitter_card":"summary_large_image","twitter_misc":{"Dur\u00e9e de lecture estim\u00e9e":"2 minutes"},"schema":{"@context":"https:\/\/schema.org","@graph":[{"@type":"WebPage","@id":"https:\/\/challenge-cagnessurmer.com\/fr\/information-sur-les-courses\/entry-fees\/","url":"https:\/\/challenge-cagnessurmer.com\/fr\/information-sur-les-courses\/entry-fees\/","name":"Tarifs d'inscription - Challenge Cagnes-sur-mer","isPartOf":{"@id":"https:\/\/challenge-cagnessurmer.com\/#website"},"datePublished":"2017-12-05T08:52:04+00:00","dateModified":"2024-11-28T14:47:56+00:00","breadcrumb":{"@id":"https:\/\/challenge-cagnessurmer.com\/fr\/information-sur-les-courses\/entry-fees\/#breadcrumb"},"inLanguage":"fr-FR","potentialAction":[{"@type":"ReadAction","target":["https:\/\/challenge-cagnessurmer.com\/fr\/information-sur-les-courses\/entry-fees\/"]}]},{"@type":"BreadcrumbList","@id":"https:\/\/challenge-cagnessurmer.com\/fr\/information-sur-les-courses\/entry-fees\/#breadcrumb","itemListElement":[{"@type":"ListItem","position":1,"name":"Home","item":"https:\/\/challenge-cagnessurmer.com\/fr\/"},{"@type":"ListItem","position":2,"name":"Information sur les courses","item":"https:\/\/challenge-cagnessurmer.com\/fr\/information-sur-les-courses\/"},{"@type":"ListItem","position":3,"name":"Tarifs d&rsquo;inscription"}]},{"@type":"WebSite","@id":"https:\/\/challenge-cagnessurmer.com\/#website","url":"https:\/\/challenge-cagnessurmer.com\/","name":"Challenge Cagnes-sur-mer","description":"We are triathlon","publisher":{"@id":"https:\/\/challenge-cagnessurmer.com\/#organization"},"potentialAction":[{"@type":"SearchAction","target":{"@type":"EntryPoint","urlTemplate":"https:\/\/challenge-cagnessurmer.com\/?s={search_term_string}"},"query-input":{"@type":"PropertyValueSpecification","valueRequired":true,"valueName":"search_term_string"}}],"inLanguage":"fr-FR"},{"@type":"Organization","@id":"https:\/\/challenge-cagnessurmer.com\/#organization","name":"Challenge Cagnes-sur-mer","url":"https:\/\/challenge-cagnessurmer.com\/","logo":{"@type":"ImageObject","inLanguage":"fr-FR","@id":"https:\/\/challenge-cagnessurmer.com\/#\/schema\/logo\/image\/","url":"https:\/\/challenge-cagnessurmer.com\/wp-content\/uploads\/sites\/59\/2022\/11\/cc-horizontal-rgb.png","contentUrl":"https:\/\/challenge-cagnessurmer.com\/wp-content\/uploads\/sites\/59\/2022\/11\/cc-horizontal-rgb.png","width":1785,"height":649,"caption":"Challenge Cagnes-sur-mer"},"image":{"@id":"https:\/\/challenge-cagnessurmer.com\/#\/schema\/logo\/image\/"},"sameAs":["https:\/\/www.facebook.com\/challengecagnes","https:\/\/www.instagram.com\/challengecagnes\/"]}]}},"_links":{"self":[{"href":"https:\/\/challenge-cagnessurmer.com\/fr\/wp-json\/wp\/v2\/pages\/1952"}],"collection":[{"href":"https:\/\/challenge-cagnessurmer.com\/fr\/wp-json\/wp\/v2\/pages"}],"about":[{"href":"https:\/\/challenge-cagnessurmer.com\/fr\/wp-json\/wp\/v2\/types\/page"}],"author":[{"embeddable":true,"href":"https:\/\/challenge-cagnessurmer.com\/fr\/wp-json\/wp\/v2\/users\/5"}],"replies":[{"embeddable":true,"href":"https:\/\/challenge-cagnessurmer.com\/fr\/wp-json\/wp\/v2\/comments?post=1952"}],"version-history":[{"count":8,"href":"https:\/\/challenge-cagnessurmer.com\/fr\/wp-json\/wp\/v2\/pages\/1952\/revisions"}],"predecessor-version":[{"id":2166,"href":"https:\/\/challenge-cagnessurmer.com\/fr\/wp-json\/wp\/v2\/pages\/1952\/revisions\/2166"}],"up":[{"embeddable":true,"href":"https:\/\/challenge-cagnessurmer.com\/fr\/wp-json\/wp\/v2\/pages\/1189"}],"wp:attachment":[{"href":"https:\/\/challenge-cagnessurmer.com\/fr\/wp-json\/wp\/v2\/media?parent=1952"}],"curies":[{"name":"wp","href":"https:\/\/api.w.org\/{rel}","templated":true}]}}