{"id":1554,"date":"2023-03-24T19:05:26","date_gmt":"2023-03-24T18:05:26","guid":{"rendered":"https:\/\/challenge-cagnessurmer.com\/?page_id=1554"},"modified":"2024-11-28T14:46:47","modified_gmt":"2024-11-28T13:46:47","slug":"pass-competition-obligatoire","status":"publish","type":"page","link":"https:\/\/challenge-cagnessurmer.com\/fr\/pass-competition-obligatoire\/","title":{"rendered":"Pass comp\u00e9tition obligatoire"},"content":{"rendered":"<div class=\"wpb-content-wrapper\">[vc_row css=\u00a0\u00bb.vc_custom_1679504427365{margin-bottom: 80px !important;}\u00a0\u00bb][vc_column][vc_single_image image=\u00a0\u00bb1711&Prime; img_size=\u00a0\u00bbmedium\u00a0\u00bb][vc_column_text css=\u00a0\u00bb.vc_custom_1679504655824{margin-bottom: 40px !important;}\u00a0\u00bb]\n<h3><span class=\"notion-enable-hover\" data-token-index=\"0\">Le pass comp\u00e9tition est obligatoire par toute personne non titulaire d\u2019une licence F.F.TRI. Comp\u00e9tition.<span style=\"color: #000000;\">\u00a0<\/span><\/span><span style=\"color: #000000;\">Trois cas de figure :<\/span><\/h3>\n[\/vc_column_text][vc_column_text css=\u00a0\u00bb.vc_custom_1732801591136{margin-bottom: 40px !important;}\u00a0\u00bb]\n<h4><span style=\"font-size: 36pt;\">\u00a01 <\/span>\u00a0Vous \u00eates licenci\u00e9 FFTRI<\/h4>\n<p>Licence 2025 FFTRI a\u0300 pre\u0301senter obligatoirement lors de la remise des dossards + un justificatif d\u2019identite\u0301.[\/vc_column_text][vc_column_text css=\u00a0\u00bb.vc_custom_1702050041267{margin-bottom: 40px !important;}\u00a0\u00bb]\n<h4><span style=\"font-size: 36pt;\">\u00a02\u00a0<\/span>Vous n&rsquo;\u00eates pas licenci\u00e9 FFTRI<\/h4>\n<p>Il vous faudra :<\/p>\n<ol>\n<li>Compl\u00e9ter et payer votre Pass comp\u00e9tition FFTRI en ligne, \u00e0 pr\u00e9senter le jour J\u00a0 (lien ci dessous )<\/li>\n<li>Compl\u00e9ter le FORMULAIRE INFO SANTE \u00e0 pr\u00e9senter le jour J\u00a0 \u00a0( ce qui remplace le certificat m\u00e9dical qui n&rsquo;est plus obligatoire pour les personnes majeurs uniquement<\/li>\n<\/ol>\n[\/vc_column_text][vc_column_text css=\u00a0\u00bb.vc_custom_1732801604028{margin-bottom: 40px !important;}\u00a0\u00bb]\n<h4><span style=\"font-size: 36pt;\">\u00a03 <\/span>\u00a0Vous n&rsquo;\u00eates pas de nationalit\u00e9 fran\u00e7aise<\/h4>\n<p><strong>Les licencie\u0301s des Fe\u0301de\u0301rations suivantes :<\/strong> Allemagne, Angleterre, Belgique, Espagne, Italie, Luxembourg, les Pays Bas, Portugal, et Suisse devront obligatoirement pre\u0301senter leur licences de la saison 2025 et souscrire un Pass comp\u00e9tition en ligne sans le payer.<br \/>\nVous \u00eates exon\u00e9r\u00e9 du certificat m\u00e9dical.<\/p>\n<p><strong>Les licencie\u0301s Triathlon des autres fe\u0301de\u0301rations <\/strong>(USA Triathlon \u2026.) devront pre\u0301senter leurs licences de la saison en cours et prendre et souscrire et payer un Pass comp\u00e9tition en ligne.[\/vc_column_text][mk_button dimension=\u00a0\u00bbflat\u00a0\u00bb corner_style=\u00a0\u00bbrounded\u00a0\u00bb size=\u00a0\u00bbx-large\u00a0\u00bb icon=\u00a0\u00bbmk-moon-certificate\u00a0\u00bb url=\u00a0\u00bbhttps:\/\/espacetri.fftri.com\/pass-competition\/event\/pass-competition\/12672&Prime; target=\u00a0\u00bb_blank\u00a0\u00bb]Obtenir mon pass comp\u00e9tition sur le site web de la F.F.TRI maintenant ![\/mk_button][mk_button dimension=\u00a0\u00bbflat\u00a0\u00bb corner_style=\u00a0\u00bbrounded\u00a0\u00bb size=\u00a0\u00bbx-large\u00a0\u00bb icon=\u00a0\u00bbmk-moon-certificate\u00a0\u00bb url=\u00a0\u00bbhttps:\/\/drive.google.com\/file\/d\/1Tt-EeIuB0HFTNdqz96jKV49JWBSrHZWE\/view?usp=share_link\u00a0\u00bb target=\u00a0\u00bb_blank\u00a0\u00bb]Formulaire Info Sant\u00e9 \u00e0 compl\u00e9ter [\/mk_button][\/vc_column][\/vc_row]\n<\/div>","protected":false},"excerpt":{"rendered":"<p>[vc_row css=\u00a0\u00bb.vc_custom_1679504427365{margin-bottom: 80px !important;}\u00a0\u00bb][vc_column][vc_single_image image=\u00a0\u00bb1711&Prime; img_size=\u00a0\u00bbmedium\u00a0\u00bb][vc_column_text css=\u00a0\u00bb.vc_custom_1679504655824{margin-bottom: 40px !important;}\u00a0\u00bb] Le pass comp\u00e9tition est obligatoire par toute personne non titulaire d\u2019une licence F.F.TRI. Comp\u00e9tition.\u00a0Trois cas de figure : [\/vc_column_text][vc_column_text css=\u00a0\u00bb.vc_custom_1732801591136{margin-bottom: 40px !important;}\u00a0\u00bb] \u00a01 \u00a0Vous \u00eates licenci\u00e9 FFTRI Licence 2025 FFTRI a\u0300 pre\u0301senter obligatoirement lors de la remise des dossards + un justificatif d\u2019identite\u0301.[\/vc_column_text][vc_column_text css=\u00a0\u00bb.vc_custom_1702050041267{margin-bottom: 40px !important;}\u00a0\u00bb] [&hellip;]<\/p>\n","protected":false},"author":467,"featured_media":0,"parent":0,"menu_order":0,"comment_status":"closed","ping_status":"closed","template":"","meta":{"footnotes":""},"class_list":["post-1554","page","type-page","status-publish","hentry"],"yoast_head":"<!-- This site is optimized with the Yoast SEO plugin v25.6 - https:\/\/yoast.com\/wordpress\/plugins\/seo\/ -->\n<title>Pass comp\u00e9tition obligatoire - Challenge Cagnes-sur-mer<\/title>\n<meta name=\"robots\" content=\"index, follow, max-snippet:-1, max-image-preview:large, max-video-preview:-1\" \/>\n<link rel=\"canonical\" href=\"https:\/\/challenge-cagnessurmer.com\/fr\/pass-competition-obligatoire\/\" \/>\n<meta property=\"og:locale\" content=\"fr_FR\" \/>\n<meta property=\"og:type\" content=\"article\" \/>\n<meta property=\"og:title\" content=\"Pass comp\u00e9tition obligatoire - Challenge Cagnes-sur-mer\" \/>\n<meta property=\"og:description\" content=\"[vc_row css=\u00a0\u00bb.vc_custom_1679504427365{margin-bottom: 80px !important;}\u00a0\u00bb][vc_column][vc_single_image image=\u00a0\u00bb1711&Prime; img_size=\u00a0\u00bbmedium\u00a0\u00bb][vc_column_text css=\u00a0\u00bb.vc_custom_1679504655824{margin-bottom: 40px !important;}\u00a0\u00bb] Le pass comp\u00e9tition est obligatoire par toute personne non titulaire d\u2019une licence F.F.TRI. Comp\u00e9tition.\u00a0Trois cas de figure : [\/vc_column_text][vc_column_text css=\u00a0\u00bb.vc_custom_1732801591136{margin-bottom: 40px !important;}\u00a0\u00bb] \u00a01 \u00a0Vous \u00eates licenci\u00e9 FFTRI Licence 2025 FFTRI a\u0300 pre\u0301senter obligatoirement lors de la remise des dossards + un justificatif d\u2019identite\u0301.[\/vc_column_text][vc_column_text css=\u00a0\u00bb.vc_custom_1702050041267{margin-bottom: 40px !important;}\u00a0\u00bb] [&hellip;]\" \/>\n<meta property=\"og:url\" content=\"https:\/\/challenge-cagnessurmer.com\/fr\/pass-competition-obligatoire\/\" \/>\n<meta property=\"og:site_name\" content=\"Challenge Cagnes-sur-mer\" \/>\n<meta property=\"article:publisher\" content=\"https:\/\/www.facebook.com\/challengecagnes\" \/>\n<meta property=\"article:modified_time\" content=\"2024-11-28T13:46:47+00:00\" \/>\n<meta name=\"twitter:card\" content=\"summary_large_image\" \/>\n<meta name=\"twitter:label1\" content=\"Dur\u00e9e de lecture estim\u00e9e\" \/>\n\t<meta name=\"twitter:data1\" content=\"2 minutes\" \/>\n<script type=\"application\/ld+json\" class=\"yoast-schema-graph\">{\"@context\":\"https:\/\/schema.org\",\"@graph\":[{\"@type\":\"WebPage\",\"@id\":\"https:\/\/challenge-cagnessurmer.com\/fr\/pass-competition-obligatoire\/\",\"url\":\"https:\/\/challenge-cagnessurmer.com\/fr\/pass-competition-obligatoire\/\",\"name\":\"Pass comp\u00e9tition obligatoire - Challenge Cagnes-sur-mer\",\"isPartOf\":{\"@id\":\"https:\/\/challenge-cagnessurmer.com\/#website\"},\"datePublished\":\"2023-03-24T18:05:26+00:00\",\"dateModified\":\"2024-11-28T13:46:47+00:00\",\"breadcrumb\":{\"@id\":\"https:\/\/challenge-cagnessurmer.com\/fr\/pass-competition-obligatoire\/#breadcrumb\"},\"inLanguage\":\"fr-FR\",\"potentialAction\":[{\"@type\":\"ReadAction\",\"target\":[\"https:\/\/challenge-cagnessurmer.com\/fr\/pass-competition-obligatoire\/\"]}]},{\"@type\":\"BreadcrumbList\",\"@id\":\"https:\/\/challenge-cagnessurmer.com\/fr\/pass-competition-obligatoire\/#breadcrumb\",\"itemListElement\":[{\"@type\":\"ListItem\",\"position\":1,\"name\":\"Home\",\"item\":\"https:\/\/challenge-cagnessurmer.com\/fr\/\"},{\"@type\":\"ListItem\",\"position\":2,\"name\":\"Pass comp\u00e9tition obligatoire\"}]},{\"@type\":\"WebSite\",\"@id\":\"https:\/\/challenge-cagnessurmer.com\/#website\",\"url\":\"https:\/\/challenge-cagnessurmer.com\/\",\"name\":\"Challenge Cagnes-sur-mer\",\"description\":\"We are triathlon\",\"publisher\":{\"@id\":\"https:\/\/challenge-cagnessurmer.com\/#organization\"},\"potentialAction\":[{\"@type\":\"SearchAction\",\"target\":{\"@type\":\"EntryPoint\",\"urlTemplate\":\"https:\/\/challenge-cagnessurmer.com\/?s={search_term_string}\"},\"query-input\":{\"@type\":\"PropertyValueSpecification\",\"valueRequired\":true,\"valueName\":\"search_term_string\"}}],\"inLanguage\":\"fr-FR\"},{\"@type\":\"Organization\",\"@id\":\"https:\/\/challenge-cagnessurmer.com\/#organization\",\"name\":\"Challenge Cagnes-sur-mer\",\"url\":\"https:\/\/challenge-cagnessurmer.com\/\",\"logo\":{\"@type\":\"ImageObject\",\"inLanguage\":\"fr-FR\",\"@id\":\"https:\/\/challenge-cagnessurmer.com\/#\/schema\/logo\/image\/\",\"url\":\"https:\/\/challenge-cagnessurmer.com\/wp-content\/uploads\/sites\/59\/2022\/11\/cc-horizontal-rgb.png\",\"contentUrl\":\"https:\/\/challenge-cagnessurmer.com\/wp-content\/uploads\/sites\/59\/2022\/11\/cc-horizontal-rgb.png\",\"width\":1785,\"height\":649,\"caption\":\"Challenge Cagnes-sur-mer\"},\"image\":{\"@id\":\"https:\/\/challenge-cagnessurmer.com\/#\/schema\/logo\/image\/\"},\"sameAs\":[\"https:\/\/www.facebook.com\/challengecagnes\",\"https:\/\/www.instagram.com\/challengecagnes\/\"]}]}<\/script>\n<!-- \/ Yoast SEO plugin. -->","yoast_head_json":{"title":"Pass comp\u00e9tition obligatoire - Challenge Cagnes-sur-mer","robots":{"index":"index","follow":"follow","max-snippet":"max-snippet:-1","max-image-preview":"max-image-preview:large","max-video-preview":"max-video-preview:-1"},"canonical":"https:\/\/challenge-cagnessurmer.com\/fr\/pass-competition-obligatoire\/","og_locale":"fr_FR","og_type":"article","og_title":"Pass comp\u00e9tition obligatoire - Challenge Cagnes-sur-mer","og_description":"[vc_row css=\u00a0\u00bb.vc_custom_1679504427365{margin-bottom: 80px !important;}\u00a0\u00bb][vc_column][vc_single_image image=\u00a0\u00bb1711&Prime; img_size=\u00a0\u00bbmedium\u00a0\u00bb][vc_column_text css=\u00a0\u00bb.vc_custom_1679504655824{margin-bottom: 40px !important;}\u00a0\u00bb] Le pass comp\u00e9tition est obligatoire par toute personne non titulaire d\u2019une licence F.F.TRI. Comp\u00e9tition.\u00a0Trois cas de figure : [\/vc_column_text][vc_column_text css=\u00a0\u00bb.vc_custom_1732801591136{margin-bottom: 40px !important;}\u00a0\u00bb] \u00a01 \u00a0Vous \u00eates licenci\u00e9 FFTRI Licence 2025 FFTRI a\u0300 pre\u0301senter obligatoirement lors de la remise des dossards + un justificatif d\u2019identite\u0301.[\/vc_column_text][vc_column_text css=\u00a0\u00bb.vc_custom_1702050041267{margin-bottom: 40px !important;}\u00a0\u00bb] [&hellip;]","og_url":"https:\/\/challenge-cagnessurmer.com\/fr\/pass-competition-obligatoire\/","og_site_name":"Challenge Cagnes-sur-mer","article_publisher":"https:\/\/www.facebook.com\/challengecagnes","article_modified_time":"2024-11-28T13:46:47+00:00","twitter_card":"summary_large_image","twitter_misc":{"Dur\u00e9e de lecture estim\u00e9e":"2 minutes"},"schema":{"@context":"https:\/\/schema.org","@graph":[{"@type":"WebPage","@id":"https:\/\/challenge-cagnessurmer.com\/fr\/pass-competition-obligatoire\/","url":"https:\/\/challenge-cagnessurmer.com\/fr\/pass-competition-obligatoire\/","name":"Pass comp\u00e9tition obligatoire - Challenge Cagnes-sur-mer","isPartOf":{"@id":"https:\/\/challenge-cagnessurmer.com\/#website"},"datePublished":"2023-03-24T18:05:26+00:00","dateModified":"2024-11-28T13:46:47+00:00","breadcrumb":{"@id":"https:\/\/challenge-cagnessurmer.com\/fr\/pass-competition-obligatoire\/#breadcrumb"},"inLanguage":"fr-FR","potentialAction":[{"@type":"ReadAction","target":["https:\/\/challenge-cagnessurmer.com\/fr\/pass-competition-obligatoire\/"]}]},{"@type":"BreadcrumbList","@id":"https:\/\/challenge-cagnessurmer.com\/fr\/pass-competition-obligatoire\/#breadcrumb","itemListElement":[{"@type":"ListItem","position":1,"name":"Home","item":"https:\/\/challenge-cagnessurmer.com\/fr\/"},{"@type":"ListItem","position":2,"name":"Pass comp\u00e9tition obligatoire"}]},{"@type":"WebSite","@id":"https:\/\/challenge-cagnessurmer.com\/#website","url":"https:\/\/challenge-cagnessurmer.com\/","name":"Challenge Cagnes-sur-mer","description":"We are triathlon","publisher":{"@id":"https:\/\/challenge-cagnessurmer.com\/#organization"},"potentialAction":[{"@type":"SearchAction","target":{"@type":"EntryPoint","urlTemplate":"https:\/\/challenge-cagnessurmer.com\/?s={search_term_string}"},"query-input":{"@type":"PropertyValueSpecification","valueRequired":true,"valueName":"search_term_string"}}],"inLanguage":"fr-FR"},{"@type":"Organization","@id":"https:\/\/challenge-cagnessurmer.com\/#organization","name":"Challenge Cagnes-sur-mer","url":"https:\/\/challenge-cagnessurmer.com\/","logo":{"@type":"ImageObject","inLanguage":"fr-FR","@id":"https:\/\/challenge-cagnessurmer.com\/#\/schema\/logo\/image\/","url":"https:\/\/challenge-cagnessurmer.com\/wp-content\/uploads\/sites\/59\/2022\/11\/cc-horizontal-rgb.png","contentUrl":"https:\/\/challenge-cagnessurmer.com\/wp-content\/uploads\/sites\/59\/2022\/11\/cc-horizontal-rgb.png","width":1785,"height":649,"caption":"Challenge Cagnes-sur-mer"},"image":{"@id":"https:\/\/challenge-cagnessurmer.com\/#\/schema\/logo\/image\/"},"sameAs":["https:\/\/www.facebook.com\/challengecagnes","https:\/\/www.instagram.com\/challengecagnes\/"]}]}},"_links":{"self":[{"href":"https:\/\/challenge-cagnessurmer.com\/fr\/wp-json\/wp\/v2\/pages\/1554"}],"collection":[{"href":"https:\/\/challenge-cagnessurmer.com\/fr\/wp-json\/wp\/v2\/pages"}],"about":[{"href":"https:\/\/challenge-cagnessurmer.com\/fr\/wp-json\/wp\/v2\/types\/page"}],"author":[{"embeddable":true,"href":"https:\/\/challenge-cagnessurmer.com\/fr\/wp-json\/wp\/v2\/users\/467"}],"replies":[{"embeddable":true,"href":"https:\/\/challenge-cagnessurmer.com\/fr\/wp-json\/wp\/v2\/comments?post=1554"}],"version-history":[{"count":9,"href":"https:\/\/challenge-cagnessurmer.com\/fr\/wp-json\/wp\/v2\/pages\/1554\/revisions"}],"predecessor-version":[{"id":2156,"href":"https:\/\/challenge-cagnessurmer.com\/fr\/wp-json\/wp\/v2\/pages\/1554\/revisions\/2156"}],"wp:attachment":[{"href":"https:\/\/challenge-cagnessurmer.com\/fr\/wp-json\/wp\/v2\/media?parent=1554"}],"curies":[{"name":"wp","href":"https:\/\/api.w.org\/{rel}","templated":true}]}}