{"id":1464,"date":"2023-01-04T13:21:45","date_gmt":"2023-01-04T12:21:45","guid":{"rendered":"https:\/\/challenge-cagnessurmer.com\/?page_id=1464"},"modified":"2024-01-04T17:07:52","modified_gmt":"2024-01-04T16:07:52","slug":"prize-money","status":"publish","type":"page","link":"https:\/\/challenge-cagnessurmer.com\/fr\/prize-money\/","title":{"rendered":"Acc\u00e8s cat\u00e9gorie PRO &#8211; Prize money &#8211; Slots Samorin 2025"},"content":{"rendered":"<div class=\"wpb-content-wrapper\">[vc_row][vc_column][vc_column_text css=\u00a0\u00bb.vc_custom_1704384370215{margin-bottom: 0px !important;}\u00a0\u00bb]\n<div class=\" vc_custom_1670951801304\">\n<div id=\"text-block-3\" class=\"mk-text-block jupiter-donut- \">\n<p><strong>CONDITIONS D&rsquo;ACCES \u00c0 LA CATEGORIE PRO\u00a0<\/strong><\/p>\n<p>Veuillez voir ci-dessous les conditions d&rsquo;acc\u00e8s \u00e0 la cat\u00e9gorie PRO et concourir pour le Prize Money et aux ranking PTO .<\/p>\n<p>&#8211; Si vous \u00eates class\u00e9 dans les 250 premiers du classement PTO, vous recevez automatiquement une entr\u00e9e pro gratuite pour la course L ( MIDDLE DISTANCE). Il vous suffit d&rsquo;en faire la demande par email : sylvain@challenge-france.com<\/p>\n<p>&#8211; Si vous \u00eates class\u00e9 entre 251 et 400, vous b\u00e9n\u00e9ficiez d&rsquo;une r\u00e9duction de 50 % sur votre inscription, en faire la demande par email : sylvain@challenge-france.com<\/p>\n<p>&#8211; Si vous n&rsquo;\u00eates pas class\u00e9 parmi les 400 premiers, vous devez payer le prix d&rsquo;entr\u00e9e complet et faire la demande d&rsquo;acc\u00e8s Pro par email : sylvain@challenge-france.com<\/p>\n<\/div>\n<p><strong><em>PRIZE MONEY PRO <\/em><\/strong><\/p>\n<p><strong><em>CHALLENGE Cagnes-sur-mer <\/em><\/strong>disposera d\u2019une dotation totale de 25.000 \u20ac distribu\u00e9e aux 6 premi\u00e8res athl\u00e8tes femmes et aux 6 premiers athl\u00e8tes hommes.<\/p>\n<div id=\"text-block-3\" class=\"mk-text-block jupiter-donut- \">\n<p>Les Prize money sont r\u00e9serv\u00e9es \u00e0 la categorie \u00e9lite\/pro. Vous devez d\u00e9tenir une licence pro avec Challenge Family pour \u00eatre admissible \u00e0 l\u2019une de ces dotations.<\/p>\n<table id=\"theTable\" class=\"footable table outerBorder footable-loaded isInnerColor\">\n<tbody>\n<tr class=\"footableEven\">\n<td><\/td>\n<td><strong>Homme<\/strong><\/td>\n<td><strong>Femme<\/strong><\/td>\n<\/tr>\n<tr class=\"footableOdd\">\n<td>1st<\/td>\n<td>\u20ac 3.500<\/td>\n<td>\u20ac 3.500<\/td>\n<\/tr>\n<tr class=\"footableEven\">\n<td>2nd<\/td>\n<td>\u20ac 2.100<\/td>\n<td>\u20ac 2.100<\/td>\n<\/tr>\n<tr class=\"footableOdd\">\n<td>3rd<\/td>\n<td>\u20ac 1.400<\/td>\n<td>\u20ac 1.400<\/td>\n<\/tr>\n<tr class=\"footableEven\">\n<td>4th<\/td>\n<td>\u20ac 1.150<\/td>\n<td>\u20ac 1.150<\/td>\n<\/tr>\n<tr class=\"footableOdd\">\n<td>5th<\/td>\n<td>\u20ac 850<\/td>\n<td>\u20ac 850<\/td>\n<\/tr>\n<tr class=\"footableOdd\">\n<td>6th<\/td>\n<td>\u20ac 500<\/td>\n<td>\u20ac 500<\/td>\n<\/tr>\n<\/tbody>\n<\/table>\n<div class=\"clearboth\"><\/div>\n<\/div>\n<\/div>\n<div class=\" vc_custom_1671003631448\">\n<div id=\"text-block-4\" class=\"mk-text-block jupiter-donut- \">\n<p><em>Soit un total de 25.000 \u20ac. Les 6 000 \u20ac restants seront vers\u00e9s au\u00a0<strong>CHALLENGE<\/strong>FAMILY World Bonus.<\/em><\/p>\n<p><strong>\u00a0Slots Pro au Championnat du Monde Challenge family \u00e0 Samorin 2025 ( Slovaquie)<\/strong><\/p>\n<ul>\n<li>Une place pour chacun des cinq premiers coureurs professionnels \u00e0 toutes les courses Challenge Family de longue et moyenne distance en p\u00e9riode de qualification (5 places par course).<br \/>\nUne place pour chacune des cinq meilleures femmes au classement professionnel Challenge Family courses de fond et demi-distance (5 places par course).<\/li>\n<\/ul>\n<\/div>\n<\/div>\n[\/vc_column_text][vc_single_image image=\u00a0\u00bb1879&Prime; img_size=\u00a0\u00bbfull\u00a0\u00bb alignment=\u00a0\u00bbcenter\u00a0\u00bb][\/vc_column][\/vc_row][vc_row][vc_column][mk_button dimension=\u00a0\u00bbflat\u00a0\u00bb corner_style=\u00a0\u00bbrounded\u00a0\u00bb size=\u00a0\u00bbmedium\u00a0\u00bb url=\u00a0\u00bbhttps:\/\/thechampionship.de\/\u00a0\u00bb target=\u00a0\u00bb_blank\u00a0\u00bb]THE CHAMPIONSHIP[\/mk_button][\/vc_column][\/vc_row]\n<\/div>","protected":false},"excerpt":{"rendered":"<p>[vc_row][vc_column][vc_column_text css=\u00a0\u00bb.vc_custom_1704384370215{margin-bottom: 0px !important;}\u00a0\u00bb] CONDITIONS D&rsquo;ACCES \u00c0 LA CATEGORIE PRO\u00a0 Veuillez voir ci-dessous les conditions d&rsquo;acc\u00e8s \u00e0 la cat\u00e9gorie PRO et concourir pour le Prize Money et aux ranking PTO . &#8211; Si vous \u00eates class\u00e9 dans les 250 premiers du classement PTO, vous recevez automatiquement une entr\u00e9e pro gratuite pour la course L ( [&hellip;]<\/p>\n","protected":false},"author":467,"featured_media":0,"parent":0,"menu_order":0,"comment_status":"closed","ping_status":"closed","template":"","meta":{"footnotes":""},"class_list":["post-1464","page","type-page","status-publish","hentry"],"yoast_head":"<!-- This site is optimized with the Yoast SEO plugin v25.6 - https:\/\/yoast.com\/wordpress\/plugins\/seo\/ -->\n<title>Acc\u00e8s cat\u00e9gorie PRO - Prize money - Slots Samorin 2025 - Challenge Cagnes-sur-mer<\/title>\n<meta name=\"robots\" content=\"index, nofollow, max-snippet:-1, max-image-preview:large, max-video-preview:-1\" \/>\n<link rel=\"canonical\" href=\"https:\/\/challenge-cagnessurmer.com\/fr\/prize-money\/\" \/>\n<meta property=\"og:locale\" content=\"fr_FR\" \/>\n<meta property=\"og:type\" content=\"article\" \/>\n<meta property=\"og:title\" content=\"Acc\u00e8s cat\u00e9gorie PRO - Prize money - Slots Samorin 2025 - Challenge Cagnes-sur-mer\" \/>\n<meta property=\"og:description\" content=\"[vc_row][vc_column][vc_column_text css=\u00a0\u00bb.vc_custom_1704384370215{margin-bottom: 0px !important;}\u00a0\u00bb] CONDITIONS D&rsquo;ACCES \u00c0 LA CATEGORIE PRO\u00a0 Veuillez voir ci-dessous les conditions d&rsquo;acc\u00e8s \u00e0 la cat\u00e9gorie PRO et concourir pour le Prize Money et aux ranking PTO . &#8211; Si vous \u00eates class\u00e9 dans les 250 premiers du classement PTO, vous recevez automatiquement une entr\u00e9e pro gratuite pour la course L ( [&hellip;]\" \/>\n<meta property=\"og:url\" content=\"https:\/\/challenge-cagnessurmer.com\/fr\/prize-money\/\" \/>\n<meta property=\"og:site_name\" content=\"Challenge Cagnes-sur-mer\" \/>\n<meta property=\"article:publisher\" content=\"https:\/\/www.facebook.com\/challengecagnes\" \/>\n<meta property=\"article:modified_time\" content=\"2024-01-04T16:07:52+00:00\" \/>\n<meta name=\"twitter:card\" content=\"summary_large_image\" \/>\n<meta name=\"twitter:label1\" content=\"Dur\u00e9e de lecture estim\u00e9e\" \/>\n\t<meta name=\"twitter:data1\" content=\"2 minutes\" \/>\n<script type=\"application\/ld+json\" class=\"yoast-schema-graph\">{\"@context\":\"https:\/\/schema.org\",\"@graph\":[{\"@type\":\"WebPage\",\"@id\":\"https:\/\/challenge-cagnessurmer.com\/fr\/prize-money\/\",\"url\":\"https:\/\/challenge-cagnessurmer.com\/fr\/prize-money\/\",\"name\":\"Acc\u00e8s cat\u00e9gorie PRO - Prize money - Slots Samorin 2025 - Challenge Cagnes-sur-mer\",\"isPartOf\":{\"@id\":\"https:\/\/challenge-cagnessurmer.com\/#website\"},\"datePublished\":\"2023-01-04T12:21:45+00:00\",\"dateModified\":\"2024-01-04T16:07:52+00:00\",\"breadcrumb\":{\"@id\":\"https:\/\/challenge-cagnessurmer.com\/fr\/prize-money\/#breadcrumb\"},\"inLanguage\":\"fr-FR\",\"potentialAction\":[{\"@type\":\"ReadAction\",\"target\":[\"https:\/\/challenge-cagnessurmer.com\/fr\/prize-money\/\"]}]},{\"@type\":\"BreadcrumbList\",\"@id\":\"https:\/\/challenge-cagnessurmer.com\/fr\/prize-money\/#breadcrumb\",\"itemListElement\":[{\"@type\":\"ListItem\",\"position\":1,\"name\":\"Home\",\"item\":\"https:\/\/challenge-cagnessurmer.com\/fr\/\"},{\"@type\":\"ListItem\",\"position\":2,\"name\":\"Acc\u00e8s cat\u00e9gorie PRO &#8211; Prize money &#8211; Slots Samorin 2025\"}]},{\"@type\":\"WebSite\",\"@id\":\"https:\/\/challenge-cagnessurmer.com\/#website\",\"url\":\"https:\/\/challenge-cagnessurmer.com\/\",\"name\":\"Challenge Cagnes-sur-mer\",\"description\":\"We are triathlon\",\"publisher\":{\"@id\":\"https:\/\/challenge-cagnessurmer.com\/#organization\"},\"potentialAction\":[{\"@type\":\"SearchAction\",\"target\":{\"@type\":\"EntryPoint\",\"urlTemplate\":\"https:\/\/challenge-cagnessurmer.com\/?s={search_term_string}\"},\"query-input\":{\"@type\":\"PropertyValueSpecification\",\"valueRequired\":true,\"valueName\":\"search_term_string\"}}],\"inLanguage\":\"fr-FR\"},{\"@type\":\"Organization\",\"@id\":\"https:\/\/challenge-cagnessurmer.com\/#organization\",\"name\":\"Challenge Cagnes-sur-mer\",\"url\":\"https:\/\/challenge-cagnessurmer.com\/\",\"logo\":{\"@type\":\"ImageObject\",\"inLanguage\":\"fr-FR\",\"@id\":\"https:\/\/challenge-cagnessurmer.com\/#\/schema\/logo\/image\/\",\"url\":\"https:\/\/challenge-cagnessurmer.com\/wp-content\/uploads\/sites\/59\/2022\/11\/cc-horizontal-rgb.png\",\"contentUrl\":\"https:\/\/challenge-cagnessurmer.com\/wp-content\/uploads\/sites\/59\/2022\/11\/cc-horizontal-rgb.png\",\"width\":1785,\"height\":649,\"caption\":\"Challenge Cagnes-sur-mer\"},\"image\":{\"@id\":\"https:\/\/challenge-cagnessurmer.com\/#\/schema\/logo\/image\/\"},\"sameAs\":[\"https:\/\/www.facebook.com\/challengecagnes\",\"https:\/\/www.instagram.com\/challengecagnes\/\"]}]}<\/script>\n<!-- \/ Yoast SEO plugin. -->","yoast_head_json":{"title":"Acc\u00e8s cat\u00e9gorie PRO - Prize money - Slots Samorin 2025 - Challenge Cagnes-sur-mer","robots":{"index":"index","follow":"nofollow","max-snippet":"max-snippet:-1","max-image-preview":"max-image-preview:large","max-video-preview":"max-video-preview:-1"},"canonical":"https:\/\/challenge-cagnessurmer.com\/fr\/prize-money\/","og_locale":"fr_FR","og_type":"article","og_title":"Acc\u00e8s cat\u00e9gorie PRO - Prize money - Slots Samorin 2025 - Challenge Cagnes-sur-mer","og_description":"[vc_row][vc_column][vc_column_text css=\u00a0\u00bb.vc_custom_1704384370215{margin-bottom: 0px !important;}\u00a0\u00bb] CONDITIONS D&rsquo;ACCES \u00c0 LA CATEGORIE PRO\u00a0 Veuillez voir ci-dessous les conditions d&rsquo;acc\u00e8s \u00e0 la cat\u00e9gorie PRO et concourir pour le Prize Money et aux ranking PTO . &#8211; Si vous \u00eates class\u00e9 dans les 250 premiers du classement PTO, vous recevez automatiquement une entr\u00e9e pro gratuite pour la course L ( [&hellip;]","og_url":"https:\/\/challenge-cagnessurmer.com\/fr\/prize-money\/","og_site_name":"Challenge Cagnes-sur-mer","article_publisher":"https:\/\/www.facebook.com\/challengecagnes","article_modified_time":"2024-01-04T16:07:52+00:00","twitter_card":"summary_large_image","twitter_misc":{"Dur\u00e9e de lecture estim\u00e9e":"2 minutes"},"schema":{"@context":"https:\/\/schema.org","@graph":[{"@type":"WebPage","@id":"https:\/\/challenge-cagnessurmer.com\/fr\/prize-money\/","url":"https:\/\/challenge-cagnessurmer.com\/fr\/prize-money\/","name":"Acc\u00e8s cat\u00e9gorie PRO - Prize money - Slots Samorin 2025 - Challenge Cagnes-sur-mer","isPartOf":{"@id":"https:\/\/challenge-cagnessurmer.com\/#website"},"datePublished":"2023-01-04T12:21:45+00:00","dateModified":"2024-01-04T16:07:52+00:00","breadcrumb":{"@id":"https:\/\/challenge-cagnessurmer.com\/fr\/prize-money\/#breadcrumb"},"inLanguage":"fr-FR","potentialAction":[{"@type":"ReadAction","target":["https:\/\/challenge-cagnessurmer.com\/fr\/prize-money\/"]}]},{"@type":"BreadcrumbList","@id":"https:\/\/challenge-cagnessurmer.com\/fr\/prize-money\/#breadcrumb","itemListElement":[{"@type":"ListItem","position":1,"name":"Home","item":"https:\/\/challenge-cagnessurmer.com\/fr\/"},{"@type":"ListItem","position":2,"name":"Acc\u00e8s cat\u00e9gorie PRO &#8211; Prize money &#8211; Slots Samorin 2025"}]},{"@type":"WebSite","@id":"https:\/\/challenge-cagnessurmer.com\/#website","url":"https:\/\/challenge-cagnessurmer.com\/","name":"Challenge Cagnes-sur-mer","description":"We are triathlon","publisher":{"@id":"https:\/\/challenge-cagnessurmer.com\/#organization"},"potentialAction":[{"@type":"SearchAction","target":{"@type":"EntryPoint","urlTemplate":"https:\/\/challenge-cagnessurmer.com\/?s={search_term_string}"},"query-input":{"@type":"PropertyValueSpecification","valueRequired":true,"valueName":"search_term_string"}}],"inLanguage":"fr-FR"},{"@type":"Organization","@id":"https:\/\/challenge-cagnessurmer.com\/#organization","name":"Challenge Cagnes-sur-mer","url":"https:\/\/challenge-cagnessurmer.com\/","logo":{"@type":"ImageObject","inLanguage":"fr-FR","@id":"https:\/\/challenge-cagnessurmer.com\/#\/schema\/logo\/image\/","url":"https:\/\/challenge-cagnessurmer.com\/wp-content\/uploads\/sites\/59\/2022\/11\/cc-horizontal-rgb.png","contentUrl":"https:\/\/challenge-cagnessurmer.com\/wp-content\/uploads\/sites\/59\/2022\/11\/cc-horizontal-rgb.png","width":1785,"height":649,"caption":"Challenge Cagnes-sur-mer"},"image":{"@id":"https:\/\/challenge-cagnessurmer.com\/#\/schema\/logo\/image\/"},"sameAs":["https:\/\/www.facebook.com\/challengecagnes","https:\/\/www.instagram.com\/challengecagnes\/"]}]}},"_links":{"self":[{"href":"https:\/\/challenge-cagnessurmer.com\/fr\/wp-json\/wp\/v2\/pages\/1464"}],"collection":[{"href":"https:\/\/challenge-cagnessurmer.com\/fr\/wp-json\/wp\/v2\/pages"}],"about":[{"href":"https:\/\/challenge-cagnessurmer.com\/fr\/wp-json\/wp\/v2\/types\/page"}],"author":[{"embeddable":true,"href":"https:\/\/challenge-cagnessurmer.com\/fr\/wp-json\/wp\/v2\/users\/467"}],"replies":[{"embeddable":true,"href":"https:\/\/challenge-cagnessurmer.com\/fr\/wp-json\/wp\/v2\/comments?post=1464"}],"version-history":[{"count":20,"href":"https:\/\/challenge-cagnessurmer.com\/fr\/wp-json\/wp\/v2\/pages\/1464\/revisions"}],"predecessor-version":[{"id":1902,"href":"https:\/\/challenge-cagnessurmer.com\/fr\/wp-json\/wp\/v2\/pages\/1464\/revisions\/1902"}],"wp:attachment":[{"href":"https:\/\/challenge-cagnessurmer.com\/fr\/wp-json\/wp\/v2\/media?parent=1464"}],"curies":[{"name":"wp","href":"https:\/\/api.w.org\/{rel}","templated":true}]}}