{"id":1205,"date":"2022-11-15T15:21:50","date_gmt":"2022-11-15T14:21:50","guid":{"rendered":"https:\/\/www.challenge-family.com\/cagnessurmer\/?page_id=1205"},"modified":"2023-12-08T16:17:58","modified_gmt":"2023-12-08T15:17:58","slug":"recrutement-benevole","status":"publish","type":"page","link":"https:\/\/challenge-cagnessurmer.com\/fr\/information-sur-les-courses\/recrutement-benevole\/","title":{"rendered":"Recrutement b\u00e9n\u00e9vole"},"content":{"rendered":"<div class=\"wpb-content-wrapper\">[vc_row][vc_column][vc_row_inner][vc_column_inner width=\u00a0\u00bb1\/2&Prime;][mk_fancy_title strip_tags=\u00a0\u00bbtrue\u00a0\u00bb tag_name=\u00a0\u00bbh3&Prime; size=\u00a0\u00bb24&Prime; font_family=\u00a0\u00bbnone\u00a0\u00bb]\n<h1 class=\"page-title \">Recrutement b\u00e9n\u00e9vole<\/h1>\n[\/mk_fancy_title][vc_column_text css=\u00a0\u00bb.vc_custom_1668674206823{margin-bottom: 0px !important;}\u00a0\u00bb]Un \u00e9v\u00e9nement comme le n\u00f4tre ne serait pas possible sans l&rsquo;aide des b\u00e9n\u00e9voles.<\/p>\n<p>Tous ceux qui veulent se joindre \u00e0 nous pour cette grande f\u00eate sportive sont grandement appr\u00e9ci\u00e9s.[\/vc_column_text]\n<div class=\"wpcf7 no-js\" id=\"wpcf7-f1345-o1\" lang=\"en-US\" dir=\"ltr\" data-wpcf7-id=\"1345\">\n<div class=\"screen-reader-response\"><p role=\"status\" aria-live=\"polite\" aria-atomic=\"true\"><\/p> <ul><\/ul><\/div>\n<form action=\"\/fr\/wp-json\/wp\/v2\/pages\/1205#wpcf7-f1345-o1\" method=\"post\" class=\"wpcf7-form init\" aria-label=\"Contact form\" novalidate=\"novalidate\" data-status=\"init\">\n<div style=\"display: none;\">\n<input type=\"hidden\" name=\"_wpcf7\" value=\"1345\" \/>\n<input type=\"hidden\" name=\"_wpcf7_version\" value=\"6.0.6\" \/>\n<input type=\"hidden\" name=\"_wpcf7_locale\" value=\"en_US\" \/>\n<input type=\"hidden\" name=\"_wpcf7_unit_tag\" value=\"wpcf7-f1345-o1\" \/>\n<input type=\"hidden\" name=\"_wpcf7_container_post\" value=\"0\" \/>\n<input type=\"hidden\" name=\"_wpcf7_posted_data_hash\" value=\"\" \/>\n<input type=\"hidden\" name=\"_wpcf7_recaptcha_response\" value=\"\" \/>\n<\/div>\n<p><label>Votre Pr\u00e9nom Nom*<br \/>\n<span class=\"wpcf7-form-control-wrap\" data-name=\"your-name\"><input size=\"40\" maxlength=\"400\" class=\"wpcf7-form-control wpcf7-text wpcf7-validates-as-required\" aria-required=\"true\" aria-invalid=\"false\" value=\"\" type=\"text\" name=\"your-name\" \/><\/span> <\/label>\n<\/p>\n<p><label>Votre Email*<br \/>\n<span class=\"wpcf7-form-control-wrap\" data-name=\"your-email\"><input size=\"40\" maxlength=\"400\" class=\"wpcf7-form-control wpcf7-email wpcf7-validates-as-required wpcf7-text wpcf7-validates-as-email\" aria-required=\"true\" aria-invalid=\"false\" value=\"\" type=\"email\" name=\"your-email\" \/><\/span> <\/label>\n<\/p>\n<p><label>Votre T\u00e9l\u00e9phone*<br \/>\n<span class=\"wpcf7-form-control-wrap\" data-name=\"telephone\"><input size=\"40\" maxlength=\"400\" class=\"wpcf7-form-control wpcf7-tel wpcf7-text wpcf7-validates-as-tel\" aria-invalid=\"false\" value=\"\" type=\"tel\" name=\"telephone\" \/><\/span> <\/label>\n<\/p>\n<p><label>Sujet<br \/>\n<span class=\"wpcf7-form-control-wrap\" data-name=\"your-subject\"><input size=\"40\" maxlength=\"400\" class=\"wpcf7-form-control wpcf7-text\" aria-invalid=\"false\" value=\"\" type=\"text\" name=\"your-subject\" \/><\/span> <\/label>\n<\/p>\n<p><label>Votre Message<br \/>\n<span class=\"wpcf7-form-control-wrap\" data-name=\"your-message\"><textarea cols=\"40\" rows=\"10\" maxlength=\"2000\" class=\"wpcf7-form-control wpcf7-textarea\" aria-invalid=\"false\" name=\"your-message\"><\/textarea><\/span> <\/label>\n<\/p>\n\n<p><input class=\"wpcf7-form-control wpcf7-submit has-spinner\" type=\"submit\" value=\"Envoyer\" \/>\n<\/p><p style=\"display: none !important;\" class=\"akismet-fields-container\" data-prefix=\"_wpcf7_ak_\"><label>&#916;<textarea name=\"_wpcf7_ak_hp_textarea\" cols=\"45\" rows=\"8\" maxlength=\"100\"><\/textarea><\/label><input type=\"hidden\" id=\"ak_js_1\" name=\"_wpcf7_ak_js\" value=\"186\"\/><script>document.getElementById( \"ak_js_1\" ).setAttribute( \"value\", ( new Date() ).getTime() );<\/script><\/p><div class=\"wpcf7-response-output\" aria-hidden=\"true\"><\/div>\n<\/form>\n<\/div>\n[\/vc_column_inner][vc_column_inner width=\u00a0\u00bb1\/2&Prime;][vc_single_image image=\u00a0\u00bb1847&Prime; img_size=\u00a0\u00bbfull\u00a0\u00bb alignment=\u00a0\u00bbcenter\u00a0\u00bb][vc_single_image image=\u00a0\u00bb1391&Prime; img_size=\u00a0\u00bbfull\u00a0\u00bb alignment=\u00a0\u00bbcenter\u00a0\u00bb][\/vc_column_inner][\/vc_row_inner][\/vc_column][\/vc_row]\n<\/div>","protected":false},"excerpt":{"rendered":"<p>[vc_row][vc_column][vc_row_inner][vc_column_inner width=\u00a0\u00bb1\/2&Prime;][mk_fancy_title strip_tags=\u00a0\u00bbtrue\u00a0\u00bb tag_name=\u00a0\u00bbh3&Prime; size=\u00a0\u00bb24&Prime; font_family=\u00a0\u00bbnone\u00a0\u00bb] Recrutement b\u00e9n\u00e9vole [\/mk_fancy_title][vc_column_text css=\u00a0\u00bb.vc_custom_1668674206823{margin-bottom: 0px !important;}\u00a0\u00bb]Un \u00e9v\u00e9nement comme le n\u00f4tre ne serait pas possible sans l&rsquo;aide des b\u00e9n\u00e9voles. Tous ceux qui veulent se joindre \u00e0 nous pour cette grande f\u00eate sportive sont grandement appr\u00e9ci\u00e9s.[\/vc_column_text][\/vc_column_inner][vc_column_inner width=\u00a0\u00bb1\/2&Prime;][vc_single_image image=\u00a0\u00bb1847&Prime; img_size=\u00a0\u00bbfull\u00a0\u00bb alignment=\u00a0\u00bbcenter\u00a0\u00bb][vc_single_image image=\u00a0\u00bb1391&Prime; img_size=\u00a0\u00bbfull\u00a0\u00bb alignment=\u00a0\u00bbcenter\u00a0\u00bb][\/vc_column_inner][\/vc_row_inner][\/vc_column][\/vc_row]<\/p>\n","protected":false},"author":467,"featured_media":0,"parent":1189,"menu_order":0,"comment_status":"closed","ping_status":"closed","template":"","meta":{"footnotes":""},"class_list":["post-1205","page","type-page","status-publish","hentry"],"yoast_head":"<!-- This site is optimized with the Yoast SEO plugin v25.6 - https:\/\/yoast.com\/wordpress\/plugins\/seo\/ -->\n<title>Recrutement b\u00e9n\u00e9vole - Challenge Cagnes-sur-mer<\/title>\n<meta name=\"robots\" content=\"index, follow, max-snippet:-1, max-image-preview:large, max-video-preview:-1\" \/>\n<link rel=\"canonical\" href=\"https:\/\/challenge-cagnessurmer.com\/fr\/information-sur-les-courses\/recrutement-benevole\/\" \/>\n<meta property=\"og:locale\" content=\"fr_FR\" \/>\n<meta property=\"og:type\" content=\"article\" \/>\n<meta property=\"og:title\" content=\"Recrutement b\u00e9n\u00e9vole - Challenge Cagnes-sur-mer\" \/>\n<meta property=\"og:description\" content=\"[vc_row][vc_column][vc_row_inner][vc_column_inner width=\u00a0\u00bb1\/2&Prime;][mk_fancy_title strip_tags=\u00a0\u00bbtrue\u00a0\u00bb tag_name=\u00a0\u00bbh3&Prime; size=\u00a0\u00bb24&Prime; font_family=\u00a0\u00bbnone\u00a0\u00bb] Recrutement b\u00e9n\u00e9vole [\/mk_fancy_title][vc_column_text css=\u00a0\u00bb.vc_custom_1668674206823{margin-bottom: 0px !important;}\u00a0\u00bb]Un \u00e9v\u00e9nement comme le n\u00f4tre ne serait pas possible sans l&rsquo;aide des b\u00e9n\u00e9voles. Tous ceux qui veulent se joindre \u00e0 nous pour cette grande f\u00eate sportive sont grandement appr\u00e9ci\u00e9s.[\/vc_column_text][\/vc_column_inner][vc_column_inner width=\u00a0\u00bb1\/2&Prime;][vc_single_image image=\u00a0\u00bb1847&Prime; img_size=\u00a0\u00bbfull\u00a0\u00bb alignment=\u00a0\u00bbcenter\u00a0\u00bb][vc_single_image image=\u00a0\u00bb1391&Prime; img_size=\u00a0\u00bbfull\u00a0\u00bb alignment=\u00a0\u00bbcenter\u00a0\u00bb][\/vc_column_inner][\/vc_row_inner][\/vc_column][\/vc_row]\" \/>\n<meta property=\"og:url\" content=\"https:\/\/challenge-cagnessurmer.com\/fr\/information-sur-les-courses\/recrutement-benevole\/\" \/>\n<meta property=\"og:site_name\" content=\"Challenge Cagnes-sur-mer\" \/>\n<meta property=\"article:publisher\" content=\"https:\/\/www.facebook.com\/challengecagnes\" \/>\n<meta property=\"article:modified_time\" content=\"2023-12-08T15:17:58+00:00\" \/>\n<meta name=\"twitter:card\" content=\"summary_large_image\" \/>\n<meta name=\"twitter:label1\" content=\"Dur\u00e9e de lecture estim\u00e9e\" \/>\n\t<meta name=\"twitter:data1\" content=\"1 minute\" \/>\n<script type=\"application\/ld+json\" class=\"yoast-schema-graph\">{\"@context\":\"https:\/\/schema.org\",\"@graph\":[{\"@type\":\"WebPage\",\"@id\":\"https:\/\/challenge-cagnessurmer.com\/fr\/information-sur-les-courses\/recrutement-benevole\/\",\"url\":\"https:\/\/challenge-cagnessurmer.com\/fr\/information-sur-les-courses\/recrutement-benevole\/\",\"name\":\"Recrutement b\u00e9n\u00e9vole - Challenge Cagnes-sur-mer\",\"isPartOf\":{\"@id\":\"https:\/\/challenge-cagnessurmer.com\/#website\"},\"datePublished\":\"2022-11-15T14:21:50+00:00\",\"dateModified\":\"2023-12-08T15:17:58+00:00\",\"breadcrumb\":{\"@id\":\"https:\/\/challenge-cagnessurmer.com\/fr\/information-sur-les-courses\/recrutement-benevole\/#breadcrumb\"},\"inLanguage\":\"fr-FR\",\"potentialAction\":[{\"@type\":\"ReadAction\",\"target\":[\"https:\/\/challenge-cagnessurmer.com\/fr\/information-sur-les-courses\/recrutement-benevole\/\"]}]},{\"@type\":\"BreadcrumbList\",\"@id\":\"https:\/\/challenge-cagnessurmer.com\/fr\/information-sur-les-courses\/recrutement-benevole\/#breadcrumb\",\"itemListElement\":[{\"@type\":\"ListItem\",\"position\":1,\"name\":\"Home\",\"item\":\"https:\/\/challenge-cagnessurmer.com\/fr\/\"},{\"@type\":\"ListItem\",\"position\":2,\"name\":\"Information sur les courses\",\"item\":\"https:\/\/challenge-cagnessurmer.com\/fr\/information-sur-les-courses\/\"},{\"@type\":\"ListItem\",\"position\":3,\"name\":\"Recrutement b\u00e9n\u00e9vole\"}]},{\"@type\":\"WebSite\",\"@id\":\"https:\/\/challenge-cagnessurmer.com\/#website\",\"url\":\"https:\/\/challenge-cagnessurmer.com\/\",\"name\":\"Challenge Cagnes-sur-mer\",\"description\":\"We are triathlon\",\"publisher\":{\"@id\":\"https:\/\/challenge-cagnessurmer.com\/#organization\"},\"potentialAction\":[{\"@type\":\"SearchAction\",\"target\":{\"@type\":\"EntryPoint\",\"urlTemplate\":\"https:\/\/challenge-cagnessurmer.com\/?s={search_term_string}\"},\"query-input\":{\"@type\":\"PropertyValueSpecification\",\"valueRequired\":true,\"valueName\":\"search_term_string\"}}],\"inLanguage\":\"fr-FR\"},{\"@type\":\"Organization\",\"@id\":\"https:\/\/challenge-cagnessurmer.com\/#organization\",\"name\":\"Challenge Cagnes-sur-mer\",\"url\":\"https:\/\/challenge-cagnessurmer.com\/\",\"logo\":{\"@type\":\"ImageObject\",\"inLanguage\":\"fr-FR\",\"@id\":\"https:\/\/challenge-cagnessurmer.com\/#\/schema\/logo\/image\/\",\"url\":\"https:\/\/challenge-cagnessurmer.com\/wp-content\/uploads\/sites\/59\/2022\/11\/cc-horizontal-rgb.png\",\"contentUrl\":\"https:\/\/challenge-cagnessurmer.com\/wp-content\/uploads\/sites\/59\/2022\/11\/cc-horizontal-rgb.png\",\"width\":1785,\"height\":649,\"caption\":\"Challenge Cagnes-sur-mer\"},\"image\":{\"@id\":\"https:\/\/challenge-cagnessurmer.com\/#\/schema\/logo\/image\/\"},\"sameAs\":[\"https:\/\/www.facebook.com\/challengecagnes\",\"https:\/\/www.instagram.com\/challengecagnes\/\"]}]}<\/script>\n<!-- \/ Yoast SEO plugin. -->","yoast_head_json":{"title":"Recrutement b\u00e9n\u00e9vole - Challenge Cagnes-sur-mer","robots":{"index":"index","follow":"follow","max-snippet":"max-snippet:-1","max-image-preview":"max-image-preview:large","max-video-preview":"max-video-preview:-1"},"canonical":"https:\/\/challenge-cagnessurmer.com\/fr\/information-sur-les-courses\/recrutement-benevole\/","og_locale":"fr_FR","og_type":"article","og_title":"Recrutement b\u00e9n\u00e9vole - Challenge Cagnes-sur-mer","og_description":"[vc_row][vc_column][vc_row_inner][vc_column_inner width=\u00a0\u00bb1\/2&Prime;][mk_fancy_title strip_tags=\u00a0\u00bbtrue\u00a0\u00bb tag_name=\u00a0\u00bbh3&Prime; size=\u00a0\u00bb24&Prime; font_family=\u00a0\u00bbnone\u00a0\u00bb] Recrutement b\u00e9n\u00e9vole [\/mk_fancy_title][vc_column_text css=\u00a0\u00bb.vc_custom_1668674206823{margin-bottom: 0px !important;}\u00a0\u00bb]Un \u00e9v\u00e9nement comme le n\u00f4tre ne serait pas possible sans l&rsquo;aide des b\u00e9n\u00e9voles. Tous ceux qui veulent se joindre \u00e0 nous pour cette grande f\u00eate sportive sont grandement appr\u00e9ci\u00e9s.[\/vc_column_text][\/vc_column_inner][vc_column_inner width=\u00a0\u00bb1\/2&Prime;][vc_single_image image=\u00a0\u00bb1847&Prime; img_size=\u00a0\u00bbfull\u00a0\u00bb alignment=\u00a0\u00bbcenter\u00a0\u00bb][vc_single_image image=\u00a0\u00bb1391&Prime; img_size=\u00a0\u00bbfull\u00a0\u00bb alignment=\u00a0\u00bbcenter\u00a0\u00bb][\/vc_column_inner][\/vc_row_inner][\/vc_column][\/vc_row]","og_url":"https:\/\/challenge-cagnessurmer.com\/fr\/information-sur-les-courses\/recrutement-benevole\/","og_site_name":"Challenge Cagnes-sur-mer","article_publisher":"https:\/\/www.facebook.com\/challengecagnes","article_modified_time":"2023-12-08T15:17:58+00:00","twitter_card":"summary_large_image","twitter_misc":{"Dur\u00e9e de lecture estim\u00e9e":"1 minute"},"schema":{"@context":"https:\/\/schema.org","@graph":[{"@type":"WebPage","@id":"https:\/\/challenge-cagnessurmer.com\/fr\/information-sur-les-courses\/recrutement-benevole\/","url":"https:\/\/challenge-cagnessurmer.com\/fr\/information-sur-les-courses\/recrutement-benevole\/","name":"Recrutement b\u00e9n\u00e9vole - Challenge Cagnes-sur-mer","isPartOf":{"@id":"https:\/\/challenge-cagnessurmer.com\/#website"},"datePublished":"2022-11-15T14:21:50+00:00","dateModified":"2023-12-08T15:17:58+00:00","breadcrumb":{"@id":"https:\/\/challenge-cagnessurmer.com\/fr\/information-sur-les-courses\/recrutement-benevole\/#breadcrumb"},"inLanguage":"fr-FR","potentialAction":[{"@type":"ReadAction","target":["https:\/\/challenge-cagnessurmer.com\/fr\/information-sur-les-courses\/recrutement-benevole\/"]}]},{"@type":"BreadcrumbList","@id":"https:\/\/challenge-cagnessurmer.com\/fr\/information-sur-les-courses\/recrutement-benevole\/#breadcrumb","itemListElement":[{"@type":"ListItem","position":1,"name":"Home","item":"https:\/\/challenge-cagnessurmer.com\/fr\/"},{"@type":"ListItem","position":2,"name":"Information sur les courses","item":"https:\/\/challenge-cagnessurmer.com\/fr\/information-sur-les-courses\/"},{"@type":"ListItem","position":3,"name":"Recrutement b\u00e9n\u00e9vole"}]},{"@type":"WebSite","@id":"https:\/\/challenge-cagnessurmer.com\/#website","url":"https:\/\/challenge-cagnessurmer.com\/","name":"Challenge Cagnes-sur-mer","description":"We are triathlon","publisher":{"@id":"https:\/\/challenge-cagnessurmer.com\/#organization"},"potentialAction":[{"@type":"SearchAction","target":{"@type":"EntryPoint","urlTemplate":"https:\/\/challenge-cagnessurmer.com\/?s={search_term_string}"},"query-input":{"@type":"PropertyValueSpecification","valueRequired":true,"valueName":"search_term_string"}}],"inLanguage":"fr-FR"},{"@type":"Organization","@id":"https:\/\/challenge-cagnessurmer.com\/#organization","name":"Challenge Cagnes-sur-mer","url":"https:\/\/challenge-cagnessurmer.com\/","logo":{"@type":"ImageObject","inLanguage":"fr-FR","@id":"https:\/\/challenge-cagnessurmer.com\/#\/schema\/logo\/image\/","url":"https:\/\/challenge-cagnessurmer.com\/wp-content\/uploads\/sites\/59\/2022\/11\/cc-horizontal-rgb.png","contentUrl":"https:\/\/challenge-cagnessurmer.com\/wp-content\/uploads\/sites\/59\/2022\/11\/cc-horizontal-rgb.png","width":1785,"height":649,"caption":"Challenge Cagnes-sur-mer"},"image":{"@id":"https:\/\/challenge-cagnessurmer.com\/#\/schema\/logo\/image\/"},"sameAs":["https:\/\/www.facebook.com\/challengecagnes","https:\/\/www.instagram.com\/challengecagnes\/"]}]}},"_links":{"self":[{"href":"https:\/\/challenge-cagnessurmer.com\/fr\/wp-json\/wp\/v2\/pages\/1205"}],"collection":[{"href":"https:\/\/challenge-cagnessurmer.com\/fr\/wp-json\/wp\/v2\/pages"}],"about":[{"href":"https:\/\/challenge-cagnessurmer.com\/fr\/wp-json\/wp\/v2\/types\/page"}],"author":[{"embeddable":true,"href":"https:\/\/challenge-cagnessurmer.com\/fr\/wp-json\/wp\/v2\/users\/467"}],"replies":[{"embeddable":true,"href":"https:\/\/challenge-cagnessurmer.com\/fr\/wp-json\/wp\/v2\/comments?post=1205"}],"version-history":[{"count":7,"href":"https:\/\/challenge-cagnessurmer.com\/fr\/wp-json\/wp\/v2\/pages\/1205\/revisions"}],"predecessor-version":[{"id":1850,"href":"https:\/\/challenge-cagnessurmer.com\/fr\/wp-json\/wp\/v2\/pages\/1205\/revisions\/1850"}],"up":[{"embeddable":true,"href":"https:\/\/challenge-cagnessurmer.com\/fr\/wp-json\/wp\/v2\/pages\/1189"}],"wp:attachment":[{"href":"https:\/\/challenge-cagnessurmer.com\/fr\/wp-json\/wp\/v2\/media?parent=1205"}],"curies":[{"name":"wp","href":"https:\/\/api.w.org\/{rel}","templated":true}]}}