{"id":1203,"date":"2022-11-15T15:20:40","date_gmt":"2022-11-15T14:20:40","guid":{"rendered":"https:\/\/www.challenge-family.com\/cagnessurmer\/?page_id=1203"},"modified":"2024-02-26T18:38:53","modified_gmt":"2024-02-26T17:38:53","slug":"sejour-et-hebergement","status":"publish","type":"page","link":"https:\/\/challenge-cagnessurmer.com\/fr\/information-sur-les-courses\/sejour-et-hebergement\/","title":{"rendered":"S\u00e9jour et h\u00e9bergement"},"content":{"rendered":"<div class=\"wpb-content-wrapper\">[vc_row el_class=\u00a0\u00bbtime-schedule\u00a0\u00bb][vc_column][vc_column_text css=\u00a0\u00bb.vc_custom_1708968770411{margin-bottom: 0px !important;}\u00a0\u00bb]Afin de vous aider \u00e0 organiser votre s\u00e9jour \u00e0 Cagnes sur mer , vous trouverez ci dessous les meilleurs h\u00e9bergements s\u00e9lectionn\u00e9s pour vous , afin d&rsquo;avoir les meilleurs conditions nous vous conseillons de bien pr\u00e9ciser que vous participer au Challenge Cagnes sur Mer .<\/p>\n<p>Nous vous conseillons de r\u00e9servez rapidement car la saison estival est importante sur la p\u00e9riode du mois de Juin.[\/vc_column_text][mk_button dimension=\u00a0\u00bbflat\u00a0\u00bb size=\u00a0\u00bblarge\u00a0\u00bb url=\u00a0\u00bbhttps:\/\/tourisme.cagnes.fr\/hebergement\/\u00a0\u00bb target=\u00a0\u00bb_blank\u00a0\u00bb margin_bottom=\u00a0\u00bb30&Prime; margin_right=\u00a0\u00bb0&Prime;]Cagnes-sur-Mer &#8211; Tourism Office website[\/mk_button][\/vc_column][\/vc_row][vc_row el_class=\u00a0\u00bbtime-schedule\u00a0\u00bb css=\u00a0\u00bb.vc_custom_1668673843969{margin-top: 60px !important;}\u00a0\u00bb][vc_column][vc_row_inner][vc_column_inner][mk_fancy_title strip_tags=\u00a0\u00bbtrue\u00a0\u00bb tag_name=\u00a0\u00bbh3&Prime; size=\u00a0\u00bb24&Prime; font_family=\u00a0\u00bbnone\u00a0\u00bb]\n<h3>S\u00e9journez \u00e0 l&rsquo;Hotel Indigo Cagnes-sur-Mer<\/h3>\n[\/mk_fancy_title][\/vc_column_inner][\/vc_row_inner][vc_row_inner][vc_column_inner width=\u00a0\u00bb1\/2&Prime;][vc_single_image image=\u00a0\u00bb1119&Prime; img_size=\u00a0\u00bblarge\u00a0\u00bb][\/vc_column_inner][vc_column_inner width=\u00a0\u00bb1\/2&Prime;][vc_column_text css=\u00a0\u00bb.vc_custom_1708968264349{margin-bottom: 0px !important;}\u00a0\u00bb]L&rsquo;H\u00f4tel Indigo **** est Partenaire du Challenge Cagnes sur mer .<\/p>\n<p>B\u00e9n\u00e9ficiez de -20 % sur votre r\u00e9servation sur le lien ci dessous<\/p>\n<p>Un v\u00e9ritable havre de paix o\u00f9 l\u2019atmosph\u00e8re apaisante vous fera vivre des moments d\u2019exception. Notre boutique h\u00f4tel dispose de 87 chambres dont 7 suites, d\u2019un restaurant bistronomique de 130 couverts, deux bars ainsi qu&rsquo;une terrasse Rooftop avec piscine. L\u2019Hotel Indigo propose \u00e9galement une salle de fitness et d\u2019un parking en sous-sol. Les chambres et suites ont un design moderne et \u00e9pur\u00e9. \u00c9quip\u00e9es d\u2019un mini bar, d\u2019un coffre, d\u2019un t\u00e9l\u00e9viseur et d\u2019une machine \u00e0 caf\u00e9, elles sont le lieu id\u00e9al pour se ressourcer. La plupart offrent un point de vue imprenable sur les Alpes du Sud ou encore des sites incontournables comme le Ch\u00e2teau-Mus\u00e9e Grimaldi.[\/vc_column_text][mk_button dimension=\u00a0\u00bbflat\u00a0\u00bb size=\u00a0\u00bblarge\u00a0\u00bb url=\u00a0\u00bbhttps:\/\/www.ihg.com\/hotelindigo\/hotels\/fr\/fr\/cagnes-sur-mer\/xcgcm\/hoteldetail?fromRedirect=true&amp;qSrt=sBR&amp;qIta=99801505&amp;icdv=99801505&amp;qSlH=XCGCM&amp;qGrpCd=CHG&amp;setPMCookies=true&amp;qSHBrC=IN&amp;qDest=44%20avenue%20Auguste%20Renoir%2C%20Cagnes-sur-Mer%2C%20FR&amp;srb_u=1&Prime; target=\u00a0\u00bb_blank\u00a0\u00bb align=\u00a0\u00bbright\u00a0\u00bb]R\u00e9servez maitenant[\/mk_button][\/vc_column_inner][\/vc_row_inner][\/vc_column][\/vc_row][vc_row el_class=\u00a0\u00bbtime-schedule\u00a0\u00bb css=\u00a0\u00bb.vc_custom_1668673843969{margin-top: 60px !important;}\u00a0\u00bb][vc_column][vc_row_inner][vc_column_inner][vc_raw_html]JTNDaWZyYW1lJTIwdGl0bGUlM0QlMjJBY2NvbW9kYXRpb24lMjBXaWRnZXQlMjIlMjBmcmFtZWJvcmRlciUzRCUyMjAlMjIlMjBzcmMlM0QlMjJodHRwcyUzQSUyRiUyRnN0YXkyMi5jb20lMkZlbWJlZCUyRmdtJTNGYWlkJTNEd2l4JTI2YW1wJTNCaGlkZWJyYW5kbG9nbyUzRHRydWUlMjZhbXAlM0JoaWRlc2hhcmUlM0R0cnVlJTI2YW1wJTNCaGlkZWhlYXRtYXAlM0R0cnVlJTI2YW1wJTNCYWRkcmVzcyUzRDElMjBQcm9tZW5hZGUlMjBkZSUyMGwlMjdIaXBwb2Ryb21lJTIwQ2FnbmVzLXN1ci1NZXIlMjZhbXAlM0JtYXBzdHlsZSUzRGRlZmF1bHQlMjZhbXAlM0JldmVudHN0YXJ0JTNEMTY1NDI5MzYwMCUyNmFtcCUzQmV2ZW50ZW5kJTNEMTY1NDM4MDAwMCUyNmFtcCUzQm5hdmJhcmNvbG9yJTNEMDAwMDAwJTI2YW1wJTNCJTIyJTIwc3R5bGUlM0QlMjJ3aWR0aCUzQSUyMDEwMCUyNSUzQiUyMGhlaWdodCUzQSUyMDUwMHB4JTNCJTIyJTNFJTNDJTJGaWZyYW1lJTNF[\/vc_raw_html][\/vc_column_inner][\/vc_row_inner][\/vc_column][\/vc_row]\n<\/div>","protected":false},"excerpt":{"rendered":"<p>[vc_row el_class=\u00a0\u00bbtime-schedule\u00a0\u00bb][vc_column][vc_column_text css=\u00a0\u00bb.vc_custom_1708968770411{margin-bottom: 0px !important;}\u00a0\u00bb]Afin de vous aider \u00e0 organiser votre s\u00e9jour \u00e0 Cagnes sur mer , vous trouverez ci dessous les meilleurs h\u00e9bergements s\u00e9lectionn\u00e9s pour vous , afin d&rsquo;avoir les meilleurs conditions nous vous conseillons de bien pr\u00e9ciser que vous participer au Challenge Cagnes sur Mer . Nous vous conseillons de r\u00e9servez rapidement car [&hellip;]<\/p>\n","protected":false},"author":467,"featured_media":0,"parent":1189,"menu_order":0,"comment_status":"closed","ping_status":"closed","template":"","meta":{"footnotes":""},"class_list":["post-1203","page","type-page","status-publish","hentry"],"yoast_head":"<!-- This site is optimized with the Yoast SEO plugin v25.6 - https:\/\/yoast.com\/wordpress\/plugins\/seo\/ -->\n<title>S\u00e9jour et h\u00e9bergement - Challenge Cagnes-sur-mer<\/title>\n<meta name=\"robots\" content=\"index, follow, max-snippet:-1, max-image-preview:large, max-video-preview:-1\" \/>\n<link rel=\"canonical\" href=\"https:\/\/challenge-cagnessurmer.com\/fr\/information-sur-les-courses\/sejour-et-hebergement\/\" \/>\n<meta property=\"og:locale\" content=\"fr_FR\" \/>\n<meta property=\"og:type\" content=\"article\" \/>\n<meta property=\"og:title\" content=\"S\u00e9jour et h\u00e9bergement - Challenge Cagnes-sur-mer\" \/>\n<meta property=\"og:description\" content=\"[vc_row el_class=\u00a0\u00bbtime-schedule\u00a0\u00bb][vc_column][vc_column_text css=\u00a0\u00bb.vc_custom_1708968770411{margin-bottom: 0px !important;}\u00a0\u00bb]Afin de vous aider \u00e0 organiser votre s\u00e9jour \u00e0 Cagnes sur mer , vous trouverez ci dessous les meilleurs h\u00e9bergements s\u00e9lectionn\u00e9s pour vous , afin d&rsquo;avoir les meilleurs conditions nous vous conseillons de bien pr\u00e9ciser que vous participer au Challenge Cagnes sur Mer . Nous vous conseillons de r\u00e9servez rapidement car [&hellip;]\" \/>\n<meta property=\"og:url\" content=\"https:\/\/challenge-cagnessurmer.com\/fr\/information-sur-les-courses\/sejour-et-hebergement\/\" \/>\n<meta property=\"og:site_name\" content=\"Challenge Cagnes-sur-mer\" \/>\n<meta property=\"article:publisher\" content=\"https:\/\/www.facebook.com\/challengecagnes\" \/>\n<meta property=\"article:modified_time\" content=\"2024-02-26T17:38:53+00:00\" \/>\n<meta name=\"twitter:card\" content=\"summary_large_image\" \/>\n<meta name=\"twitter:label1\" content=\"Dur\u00e9e de lecture estim\u00e9e\" \/>\n\t<meta name=\"twitter:data1\" content=\"2 minutes\" \/>\n<script type=\"application\/ld+json\" class=\"yoast-schema-graph\">{\"@context\":\"https:\/\/schema.org\",\"@graph\":[{\"@type\":\"WebPage\",\"@id\":\"https:\/\/challenge-cagnessurmer.com\/fr\/information-sur-les-courses\/sejour-et-hebergement\/\",\"url\":\"https:\/\/challenge-cagnessurmer.com\/fr\/information-sur-les-courses\/sejour-et-hebergement\/\",\"name\":\"S\u00e9jour et h\u00e9bergement - Challenge Cagnes-sur-mer\",\"isPartOf\":{\"@id\":\"https:\/\/challenge-cagnessurmer.com\/#website\"},\"datePublished\":\"2022-11-15T14:20:40+00:00\",\"dateModified\":\"2024-02-26T17:38:53+00:00\",\"breadcrumb\":{\"@id\":\"https:\/\/challenge-cagnessurmer.com\/fr\/information-sur-les-courses\/sejour-et-hebergement\/#breadcrumb\"},\"inLanguage\":\"fr-FR\",\"potentialAction\":[{\"@type\":\"ReadAction\",\"target\":[\"https:\/\/challenge-cagnessurmer.com\/fr\/information-sur-les-courses\/sejour-et-hebergement\/\"]}]},{\"@type\":\"BreadcrumbList\",\"@id\":\"https:\/\/challenge-cagnessurmer.com\/fr\/information-sur-les-courses\/sejour-et-hebergement\/#breadcrumb\",\"itemListElement\":[{\"@type\":\"ListItem\",\"position\":1,\"name\":\"Home\",\"item\":\"https:\/\/challenge-cagnessurmer.com\/fr\/\"},{\"@type\":\"ListItem\",\"position\":2,\"name\":\"Information sur les courses\",\"item\":\"https:\/\/challenge-cagnessurmer.com\/fr\/information-sur-les-courses\/\"},{\"@type\":\"ListItem\",\"position\":3,\"name\":\"S\u00e9jour et h\u00e9bergement\"}]},{\"@type\":\"WebSite\",\"@id\":\"https:\/\/challenge-cagnessurmer.com\/#website\",\"url\":\"https:\/\/challenge-cagnessurmer.com\/\",\"name\":\"Challenge Cagnes-sur-mer\",\"description\":\"We are triathlon\",\"publisher\":{\"@id\":\"https:\/\/challenge-cagnessurmer.com\/#organization\"},\"potentialAction\":[{\"@type\":\"SearchAction\",\"target\":{\"@type\":\"EntryPoint\",\"urlTemplate\":\"https:\/\/challenge-cagnessurmer.com\/?s={search_term_string}\"},\"query-input\":{\"@type\":\"PropertyValueSpecification\",\"valueRequired\":true,\"valueName\":\"search_term_string\"}}],\"inLanguage\":\"fr-FR\"},{\"@type\":\"Organization\",\"@id\":\"https:\/\/challenge-cagnessurmer.com\/#organization\",\"name\":\"Challenge Cagnes-sur-mer\",\"url\":\"https:\/\/challenge-cagnessurmer.com\/\",\"logo\":{\"@type\":\"ImageObject\",\"inLanguage\":\"fr-FR\",\"@id\":\"https:\/\/challenge-cagnessurmer.com\/#\/schema\/logo\/image\/\",\"url\":\"https:\/\/challenge-cagnessurmer.com\/wp-content\/uploads\/sites\/59\/2022\/11\/cc-horizontal-rgb.png\",\"contentUrl\":\"https:\/\/challenge-cagnessurmer.com\/wp-content\/uploads\/sites\/59\/2022\/11\/cc-horizontal-rgb.png\",\"width\":1785,\"height\":649,\"caption\":\"Challenge Cagnes-sur-mer\"},\"image\":{\"@id\":\"https:\/\/challenge-cagnessurmer.com\/#\/schema\/logo\/image\/\"},\"sameAs\":[\"https:\/\/www.facebook.com\/challengecagnes\",\"https:\/\/www.instagram.com\/challengecagnes\/\"]}]}<\/script>\n<!-- \/ Yoast SEO plugin. -->","yoast_head_json":{"title":"S\u00e9jour et h\u00e9bergement - Challenge Cagnes-sur-mer","robots":{"index":"index","follow":"follow","max-snippet":"max-snippet:-1","max-image-preview":"max-image-preview:large","max-video-preview":"max-video-preview:-1"},"canonical":"https:\/\/challenge-cagnessurmer.com\/fr\/information-sur-les-courses\/sejour-et-hebergement\/","og_locale":"fr_FR","og_type":"article","og_title":"S\u00e9jour et h\u00e9bergement - Challenge Cagnes-sur-mer","og_description":"[vc_row el_class=\u00a0\u00bbtime-schedule\u00a0\u00bb][vc_column][vc_column_text css=\u00a0\u00bb.vc_custom_1708968770411{margin-bottom: 0px !important;}\u00a0\u00bb]Afin de vous aider \u00e0 organiser votre s\u00e9jour \u00e0 Cagnes sur mer , vous trouverez ci dessous les meilleurs h\u00e9bergements s\u00e9lectionn\u00e9s pour vous , afin d&rsquo;avoir les meilleurs conditions nous vous conseillons de bien pr\u00e9ciser que vous participer au Challenge Cagnes sur Mer . Nous vous conseillons de r\u00e9servez rapidement car [&hellip;]","og_url":"https:\/\/challenge-cagnessurmer.com\/fr\/information-sur-les-courses\/sejour-et-hebergement\/","og_site_name":"Challenge Cagnes-sur-mer","article_publisher":"https:\/\/www.facebook.com\/challengecagnes","article_modified_time":"2024-02-26T17:38:53+00:00","twitter_card":"summary_large_image","twitter_misc":{"Dur\u00e9e de lecture estim\u00e9e":"2 minutes"},"schema":{"@context":"https:\/\/schema.org","@graph":[{"@type":"WebPage","@id":"https:\/\/challenge-cagnessurmer.com\/fr\/information-sur-les-courses\/sejour-et-hebergement\/","url":"https:\/\/challenge-cagnessurmer.com\/fr\/information-sur-les-courses\/sejour-et-hebergement\/","name":"S\u00e9jour et h\u00e9bergement - Challenge Cagnes-sur-mer","isPartOf":{"@id":"https:\/\/challenge-cagnessurmer.com\/#website"},"datePublished":"2022-11-15T14:20:40+00:00","dateModified":"2024-02-26T17:38:53+00:00","breadcrumb":{"@id":"https:\/\/challenge-cagnessurmer.com\/fr\/information-sur-les-courses\/sejour-et-hebergement\/#breadcrumb"},"inLanguage":"fr-FR","potentialAction":[{"@type":"ReadAction","target":["https:\/\/challenge-cagnessurmer.com\/fr\/information-sur-les-courses\/sejour-et-hebergement\/"]}]},{"@type":"BreadcrumbList","@id":"https:\/\/challenge-cagnessurmer.com\/fr\/information-sur-les-courses\/sejour-et-hebergement\/#breadcrumb","itemListElement":[{"@type":"ListItem","position":1,"name":"Home","item":"https:\/\/challenge-cagnessurmer.com\/fr\/"},{"@type":"ListItem","position":2,"name":"Information sur les courses","item":"https:\/\/challenge-cagnessurmer.com\/fr\/information-sur-les-courses\/"},{"@type":"ListItem","position":3,"name":"S\u00e9jour et h\u00e9bergement"}]},{"@type":"WebSite","@id":"https:\/\/challenge-cagnessurmer.com\/#website","url":"https:\/\/challenge-cagnessurmer.com\/","name":"Challenge Cagnes-sur-mer","description":"We are triathlon","publisher":{"@id":"https:\/\/challenge-cagnessurmer.com\/#organization"},"potentialAction":[{"@type":"SearchAction","target":{"@type":"EntryPoint","urlTemplate":"https:\/\/challenge-cagnessurmer.com\/?s={search_term_string}"},"query-input":{"@type":"PropertyValueSpecification","valueRequired":true,"valueName":"search_term_string"}}],"inLanguage":"fr-FR"},{"@type":"Organization","@id":"https:\/\/challenge-cagnessurmer.com\/#organization","name":"Challenge Cagnes-sur-mer","url":"https:\/\/challenge-cagnessurmer.com\/","logo":{"@type":"ImageObject","inLanguage":"fr-FR","@id":"https:\/\/challenge-cagnessurmer.com\/#\/schema\/logo\/image\/","url":"https:\/\/challenge-cagnessurmer.com\/wp-content\/uploads\/sites\/59\/2022\/11\/cc-horizontal-rgb.png","contentUrl":"https:\/\/challenge-cagnessurmer.com\/wp-content\/uploads\/sites\/59\/2022\/11\/cc-horizontal-rgb.png","width":1785,"height":649,"caption":"Challenge Cagnes-sur-mer"},"image":{"@id":"https:\/\/challenge-cagnessurmer.com\/#\/schema\/logo\/image\/"},"sameAs":["https:\/\/www.facebook.com\/challengecagnes","https:\/\/www.instagram.com\/challengecagnes\/"]}]}},"_links":{"self":[{"href":"https:\/\/challenge-cagnessurmer.com\/fr\/wp-json\/wp\/v2\/pages\/1203"}],"collection":[{"href":"https:\/\/challenge-cagnessurmer.com\/fr\/wp-json\/wp\/v2\/pages"}],"about":[{"href":"https:\/\/challenge-cagnessurmer.com\/fr\/wp-json\/wp\/v2\/types\/page"}],"author":[{"embeddable":true,"href":"https:\/\/challenge-cagnessurmer.com\/fr\/wp-json\/wp\/v2\/users\/467"}],"replies":[{"embeddable":true,"href":"https:\/\/challenge-cagnessurmer.com\/fr\/wp-json\/wp\/v2\/comments?post=1203"}],"version-history":[{"count":10,"href":"https:\/\/challenge-cagnessurmer.com\/fr\/wp-json\/wp\/v2\/pages\/1203\/revisions"}],"predecessor-version":[{"id":1941,"href":"https:\/\/challenge-cagnessurmer.com\/fr\/wp-json\/wp\/v2\/pages\/1203\/revisions\/1941"}],"up":[{"embeddable":true,"href":"https:\/\/challenge-cagnessurmer.com\/fr\/wp-json\/wp\/v2\/pages\/1189"}],"wp:attachment":[{"href":"https:\/\/challenge-cagnessurmer.com\/fr\/wp-json\/wp\/v2\/media?parent=1203"}],"curies":[{"name":"wp","href":"https:\/\/api.w.org\/{rel}","templated":true}]}}