{"id":1192,"date":"2022-11-15T14:45:15","date_gmt":"2022-11-15T13:45:15","guid":{"rendered":"https:\/\/www.challenge-family.com\/cagnessurmer\/?page_id=1192"},"modified":"2024-05-01T07:51:37","modified_gmt":"2024-05-01T06:51:37","slug":"parcours","status":"publish","type":"page","link":"https:\/\/challenge-cagnessurmer.com\/fr\/information-sur-les-courses\/parcours\/","title":{"rendered":"Parcours"},"content":{"rendered":"<div class=\"wpb-content-wrapper\">[vc_row][vc_column][mk_fancy_title size=\u00a0\u00bb30&Prime; font_family=\u00a0\u00bbnone\u00a0\u00bb]Distance Olympic (M)[\/mk_fancy_title][vc_row_inner][vc_column_inner width=\u00a0\u00bb1\/2&Prime; css=\u00a0\u00bb.vc_custom_1415529579939{margin-bottom: 40px !important;}\u00a0\u00bb][mk_fancy_title color=\u00a0\u00bb#e2001a\u00a0\u00bb size=\u00a0\u00bb24&Prime; margin_bottom=\u00a0\u00bb5&Prime; font_family=\u00a0\u00bbnone\u00a0\u00bb]Swim[\/mk_fancy_title][mk_fancy_title tag_name=\u00a0\u00bbh4&Prime; size=\u00a0\u00bb16&Prime; font_weight=\u00a0\u00bbbold\u00a0\u00bb txt_transform=\u00a0\u00bbnone\u00a0\u00bb font_family=\u00a0\u00bbnone\u00a0\u00bb]1,5km[\/mk_fancy_title][vc_column_text css=\u00a0\u00bb.vc_custom_1673264139891{margin-bottom: 0px !important;}\u00a0\u00bb]Natation en mer dans la magnifique plage de L\u2019hippodrome<\/p>\n<p>D\u00e9part en Mass Start avec 2 laps de 750m avec sortie \u00e0 l\u2019australienne[\/vc_column_text][mk_button dimension=\u00a0\u00bbflat\u00a0\u00bb size=\u00a0\u00bbmedium\u00a0\u00bb url=\u00a0\u00bbhttps:\/\/www.openrunner.com\/route-details\/14831146&Prime; target=\u00a0\u00bb_blank\u00a0\u00bb margin_right=\u00a0\u00bb0&Prime;]Parcours OpenRunner[\/mk_button][\/vc_column_inner][vc_column_inner width=\u00a0\u00bb1\/2&Prime; css=\u00a0\u00bb.vc_custom_1415529567907{margin-bottom: 40px !important;}\u00a0\u00bb][vc_raw_html]JTNDaWZyYW1lJTIwd2lkdGglM0QlMjIxMDAlMjUlMjIlMjBoZWlnaHQlM0QlMjI2NTAlMjIlMjBzcmMlM0QlMjJodHRwcyUzQSUyRiUyRnd3dy5vcGVucnVubmVyLmNvbSUyRmVtYmVkJTJGNDU1NjU4NjM0NzMwMzA0MjcwNDg0NjU4Njk0Yzc2NDM0MTc3NTM0MTU4NDkyYjRmMzE1OTY1NTAzMTM0NzY0ODcyMzM3YTQ4NmYzODZjNDc1MTU4NjMzZDNhM2E1Njk4ZmJlY2FhMDIxMjZhNjI5ZjQxNmViY2MwYjgwYSUzRnVuaXQlM0RtZXRyaWMlMjIlM0UlM0MlMkZpZnJhbWUlM0U=[\/vc_raw_html][\/vc_column_inner][\/vc_row_inner][vc_row_inner][vc_column_inner][mk_divider style=\u00a0\u00bbthin_solid\u00a0\u00bb margin_top=\u00a0\u00bb0&Prime; margin_bottom=\u00a0\u00bb45&Prime;][\/vc_column_inner][\/vc_row_inner][vc_row_inner][vc_column_inner width=\u00a0\u00bb1\/2&Prime; css=\u00a0\u00bb.vc_custom_1415529585441{margin-bottom: 40px !important;}\u00a0\u00bb][vc_raw_html]JTNDaWZyYW1lJTIwd2lkdGglM0QlMjIxMDAlMjUlMjIlMjBoZWlnaHQlM0QlMjI2NTAlMjIlMjBzcmMlM0QlMjJodHRwcyUzQSUyRiUyRnd3dy5vcGVucnVubmVyLmNvbSUyRmVtYmVkJTJGMzM0NTUwNzA3MTc0NTU1NjRhNzMzMTU2NTU2NDRjNjM1MDU5MzM2MTUzNmU1MTY3MzM0ZDUyNTE3NTRlNDYzMTQ5NTM0MzRmNzM2MzQ0NDY1NTU3MzgzZDNhM2FiZWNhNzExNWMyMzE3YjE4NzZjZDc1NWRkMzViYTAyMSUzRnVuaXQlM0RtZXRyaWMlMjIlM0UlM0MlMkZpZnJhbWUlM0U=[\/vc_raw_html][\/vc_column_inner][vc_column_inner width=\u00a0\u00bb1\/2&Prime; css=\u00a0\u00bb.vc_custom_1415529590552{margin-bottom: 40px !important;}\u00a0\u00bb][mk_fancy_title color=\u00a0\u00bb#e2001a\u00a0\u00bb size=\u00a0\u00bb24&Prime; margin_bottom=\u00a0\u00bb5&Prime; font_family=\u00a0\u00bbnone\u00a0\u00bb]Bike[\/mk_fancy_title][mk_fancy_title tag_name=\u00a0\u00bbh4&Prime; size=\u00a0\u00bb16&Prime; font_weight=\u00a0\u00bbbold\u00a0\u00bb txt_transform=\u00a0\u00bbnone\u00a0\u00bb font_family=\u00a0\u00bbnone\u00a0\u00bb]48 km[\/mk_fancy_title][vc_column_text css=\u00a0\u00bb.vc_custom_1714546293132{margin-bottom: 0px !important;}\u00a0\u00bb]Un parcours sur l\u2019arri\u00e8re pays Ven\u00e7ois majestueux et vari\u00e9, St Paul de vence , Tourette sur loup , La Colle sur loup \u2026[\/vc_column_text][mk_button dimension=\u00a0\u00bbflat\u00a0\u00bb size=\u00a0\u00bbmedium\u00a0\u00bb url=\u00a0\u00bbhttps:\/\/www.openrunner.com\/route-details\/12691976&Prime; target=\u00a0\u00bb_blank\u00a0\u00bb margin_right=\u00a0\u00bb0&Prime;]Parcours OpenRunner[\/mk_button][\/vc_column_inner][\/vc_row_inner][vc_row_inner][vc_column_inner][mk_divider style=\u00a0\u00bbthin_solid\u00a0\u00bb margin_top=\u00a0\u00bb0&Prime; margin_bottom=\u00a0\u00bb45&Prime;][\/vc_column_inner][\/vc_row_inner][vc_row_inner][vc_column_inner width=\u00a0\u00bb1\/2&Prime; css=\u00a0\u00bb.vc_custom_1415529579939{margin-bottom: 40px !important;}\u00a0\u00bb][mk_fancy_title color=\u00a0\u00bb#e2001a\u00a0\u00bb size=\u00a0\u00bb24&Prime; margin_bottom=\u00a0\u00bb5&Prime; font_family=\u00a0\u00bbnone\u00a0\u00bb]Run[\/mk_fancy_title][mk_fancy_title tag_name=\u00a0\u00bbh4&Prime; size=\u00a0\u00bb16&Prime; font_weight=\u00a0\u00bbbold\u00a0\u00bb txt_transform=\u00a0\u00bbnone\u00a0\u00bb font_family=\u00a0\u00bbnone\u00a0\u00bb]10km[\/mk_fancy_title][vc_column_text css=\u00a0\u00bb.vc_custom_1668520014280{margin-bottom: 0px !important;}\u00a0\u00bb]La course \u00e0 pied sera plate 100 % bord de mer<\/p>\n<p>Dans une ambiance de f\u00eate avec du publique sur l\u2019ensemble du parcours ![\/vc_column_text][mk_button dimension=\u00a0\u00bbflat\u00a0\u00bb size=\u00a0\u00bbmedium\u00a0\u00bb url=\u00a0\u00bbhttps:\/\/www.openrunner.com\/route-details\/12548440&Prime; target=\u00a0\u00bb_blank\u00a0\u00bb margin_right=\u00a0\u00bb0&Prime;]Parcours OpenRunner[\/mk_button][\/vc_column_inner][vc_column_inner width=\u00a0\u00bb1\/2&Prime; css=\u00a0\u00bb.vc_custom_1415529567907{margin-bottom: 40px !important;}\u00a0\u00bb][vc_raw_html]JTNDaWZyYW1lJTIwd2lkdGglM0QlMjIxMDAlMjUlMjIlMjBoZWlnaHQlM0QlMjI2NTAlMjIlMjBzcmMlM0QlMjJodHRwcyUzQSUyRiUyRnd3dy5vcGVucnVubmVyLmNvbSUyRmVtYmVkJTJGMzYzMDUzNzM3ODM1NTg3MDc3NTQ0ZTU4NDE2NzU0NmI0ZDZlMzc2YjcyNDE2OTcxMzM2ODZjNWEzMjU1NmQ0ZTU3NmQ1MjM2NzQzMzM4MzI1MTc1NTkzZDNhM2FkZWMwZjE1ODJmNWUxOTQ3NjRiOGUxNWEwZGM1MTZjZSUzRnVuaXQlM0RtZXRyaWMlMjIlM0UlM0MlMkZpZnJhbWUlM0U=[\/vc_raw_html][\/vc_column_inner][\/vc_row_inner][\/vc_column][\/vc_row][vc_row css=\u00a0\u00bb.vc_custom_1668506573698{padding-top: 100px !important;}\u00a0\u00bb][vc_column][mk_fancy_title size=\u00a0\u00bb30&Prime; font_family=\u00a0\u00bbnone\u00a0\u00bb]Middle Distance (L)[\/mk_fancy_title][vc_row_inner][vc_column_inner width=\u00a0\u00bb1\/2&Prime; css=\u00a0\u00bb.vc_custom_1415529579939{margin-bottom: 40px !important;}\u00a0\u00bb][mk_fancy_title color=\u00a0\u00bb#e2001a\u00a0\u00bb size=\u00a0\u00bb24&Prime; margin_bottom=\u00a0\u00bb5&Prime; font_family=\u00a0\u00bbnone\u00a0\u00bb]Swim[\/mk_fancy_title][mk_fancy_title tag_name=\u00a0\u00bbh4&Prime; size=\u00a0\u00bb16&Prime; font_weight=\u00a0\u00bbbold\u00a0\u00bb txt_transform=\u00a0\u00bbnone\u00a0\u00bb font_family=\u00a0\u00bbnone\u00a0\u00bb]1,9km[\/mk_fancy_title][vc_column_text css=\u00a0\u00bb.vc_custom_1673264152091{margin-bottom: 0px !important;}\u00a0\u00bb]Natation en mer dans la magnifique plage de L\u2019hippodrome<\/p>\n<p>D\u00e9part en Mass Start avec 2 laps de 950m avec sortie \u00e0 l\u2019australienne[\/vc_column_text][mk_button dimension=\u00a0\u00bbflat\u00a0\u00bb size=\u00a0\u00bbmedium\u00a0\u00bb url=\u00a0\u00bbhttps:\/\/www.openrunner.com\/route-details\/15854019&Prime; target=\u00a0\u00bb_blank\u00a0\u00bb margin_right=\u00a0\u00bb0&Prime;]Parcours OpenRunner[\/mk_button][\/vc_column_inner][vc_column_inner width=\u00a0\u00bb1\/2&Prime; css=\u00a0\u00bb.vc_custom_1415529567907{margin-bottom: 40px !important;}\u00a0\u00bb][vc_raw_html]JTNDaWZyYW1lJTIwd2lkdGglM0QlMjIxMDAlMjUlMjIlMjBoZWlnaHQlM0QlMjI2NTAlMjIlMjBzcmMlM0QlMjJodHRwcyUzQSUyRiUyRnd3dy5vcGVucnVubmVyLmNvbSUyRmVtYmVkJTJGNzM0YzRiNGQ3NTRjNGY2NzQyNTI3MjM3Njc1OTMwMzc2MzZlNjY2NDVhMzY1NTc3NDI0ODM3NzY0Zjc5NjY1Mjc2NDc1NDQyNTc3NjU2NDc3ODQ1MzQzZDNhM2FkYzlkMDVhN2Q1NDg3YThlOTMwYzQ3ZGU1OTU4OWFkNCUzRnVuaXQlM0RtZXRyaWMlMjIlM0UlM0MlMkZpZnJhbWUlM0U=[\/vc_raw_html][\/vc_column_inner][\/vc_row_inner][vc_row_inner][vc_column_inner][mk_divider style=\u00a0\u00bbthin_solid\u00a0\u00bb margin_top=\u00a0\u00bb0&Prime; margin_bottom=\u00a0\u00bb45&Prime;][\/vc_column_inner][\/vc_row_inner][vc_row_inner][vc_column_inner width=\u00a0\u00bb1\/2&Prime; css=\u00a0\u00bb.vc_custom_1415529585441{margin-bottom: 40px !important;}\u00a0\u00bb][vc_raw_html]JUMyJUEwJTNDaWZyYW1lJTIwd2lkdGglM0QlMjIxMDAlMjUlMjIlMjBoZWlnaHQlM0QlMjI2NTAlMjIlMjBzcmMlM0QlMjJodHRwcyUzQSUyRiUyRnd3dy5vcGVucnVubmVyLmNvbSUyRmVtYmVkJTJGNTY1YTRiMzc3YTRmNzA2NTZkNTE1ODc4NTE0YjRmNDkyZjMzNjc2ODU4NmYzNDRmMzc0NzRlNjM2MTRkNjM3MzJmNDc2OTZjNjE3NTYzNDk2YzU4NzczZDNhM2EzOGMxOWUxZGRmMzVlYzBiYzM2NWI5MmE1M2ZjYTNjMSUzRnVuaXQlM0RtZXRyaWMlMjIlM0UlM0MlMkZpZnJhbWUlM0U=[\/vc_raw_html][\/vc_column_inner][vc_column_inner width=\u00a0\u00bb1\/2&Prime; css=\u00a0\u00bb.vc_custom_1415529590552{margin-bottom: 40px !important;}\u00a0\u00bb][mk_fancy_title color=\u00a0\u00bb#e2001a\u00a0\u00bb size=\u00a0\u00bb24&Prime; margin_bottom=\u00a0\u00bb5&Prime; font_family=\u00a0\u00bbnone\u00a0\u00bb]Bike[\/mk_fancy_title][mk_fancy_title tag_name=\u00a0\u00bbh4&Prime; size=\u00a0\u00bb16&Prime; font_weight=\u00a0\u00bbbold\u00a0\u00bb txt_transform=\u00a0\u00bbnone\u00a0\u00bb font_family=\u00a0\u00bbnone\u00a0\u00bb]85 km[\/mk_fancy_title][vc_column_text css=\u00a0\u00bb.vc_custom_1714546246655{margin-bottom: 0px !important;}\u00a0\u00bb]Un parcours sur l\u2019arri\u00e8re pays Ven\u00e7ois majestueux et vari\u00e9, St Paul de Vence , L\u2019ascension du fameux col de Vence de 10 km \u00e0 7 % de moyenne , Cipieres , la -Colle sur loup\u00a0 \u2026[\/vc_column_text][mk_button dimension=\u00a0\u00bbflat\u00a0\u00bb size=\u00a0\u00bbmedium\u00a0\u00bb url=\u00a0\u00bbhttps:\/\/www.openrunner.com\/route-details\/12692001&Prime; target=\u00a0\u00bb_blank\u00a0\u00bb margin_right=\u00a0\u00bb0&Prime;]Parcours OpenRunner[\/mk_button][\/vc_column_inner][\/vc_row_inner][vc_row_inner][vc_column_inner][mk_divider style=\u00a0\u00bbthin_solid\u00a0\u00bb margin_top=\u00a0\u00bb0&Prime; margin_bottom=\u00a0\u00bb45&Prime;][\/vc_column_inner][\/vc_row_inner][vc_row_inner][vc_column_inner width=\u00a0\u00bb1\/2&Prime; css=\u00a0\u00bb.vc_custom_1415529579939{margin-bottom: 40px !important;}\u00a0\u00bb][mk_fancy_title color=\u00a0\u00bb#e2001a\u00a0\u00bb size=\u00a0\u00bb24&Prime; margin_bottom=\u00a0\u00bb5&Prime; font_family=\u00a0\u00bbnone\u00a0\u00bb]Run[\/mk_fancy_title][mk_fancy_title tag_name=\u00a0\u00bbh4&Prime; size=\u00a0\u00bb16&Prime; font_weight=\u00a0\u00bbbold\u00a0\u00bb txt_transform=\u00a0\u00bbnone\u00a0\u00bb font_family=\u00a0\u00bbnone\u00a0\u00bb]20km[\/mk_fancy_title][vc_column_text css=\u00a0\u00bb.vc_custom_1668520084583{margin-bottom: 0px !important;}\u00a0\u00bb]La course \u00e0 pied sera plate 100 % bord de mer<\/p>\n<p>Dans une ambiance de f\u00eate avec du publique sur l\u2019ensemble du parcours ![\/vc_column_text][mk_button dimension=\u00a0\u00bbflat\u00a0\u00bb size=\u00a0\u00bbmedium\u00a0\u00bb url=\u00a0\u00bbhttps:\/\/www.openrunner.com\/route-details\/12548440&Prime; target=\u00a0\u00bb_blank\u00a0\u00bb margin_right=\u00a0\u00bb0&Prime;]Parcours OpenRunner[\/mk_button][\/vc_column_inner][vc_column_inner width=\u00a0\u00bb1\/2&Prime; css=\u00a0\u00bb.vc_custom_1415529567907{margin-bottom: 40px !important;}\u00a0\u00bb][vc_raw_html]JTNDaWZyYW1lJTIwd2lkdGglM0QlMjIxMDAlMjUlMjIlMjBoZWlnaHQlM0QlMjI2NTAlMjIlMjBzcmMlM0QlMjJodHRwcyUzQSUyRiUyRnd3dy5vcGVucnVubmVyLmNvbSUyRmVtYmVkJTJGMzYzMDUzNzM3ODM1NTg3MDc3NTQ0ZTU4NDE2NzU0NmI0ZDZlMzc2YjcyNDE2OTcxMzM2ODZjNWEzMjU1NmQ0ZTU3NmQ1MjM2NzQzMzM4MzI1MTc1NTkzZDNhM2FkZWMwZjE1ODJmNWUxOTQ3NjRiOGUxNWEwZGM1MTZjZSUzRnVuaXQlM0RtZXRyaWMlMjIlM0UlM0MlMkZpZnJhbWUlM0U=[\/vc_raw_html][\/vc_column_inner][\/vc_row_inner][\/vc_column][\/vc_row]\n<\/div>","protected":false},"excerpt":{"rendered":"<p>[vc_row][vc_column][mk_fancy_title size=\u00a0\u00bb30&Prime; font_family=\u00a0\u00bbnone\u00a0\u00bb]Distance Olympic (M)[\/mk_fancy_title][vc_row_inner][vc_column_inner width=\u00a0\u00bb1\/2&Prime; css=\u00a0\u00bb.vc_custom_1415529579939{margin-bottom: 40px !important;}\u00a0\u00bb][mk_fancy_title color=\u00a0\u00bb#e2001a\u00a0\u00bb size=\u00a0\u00bb24&Prime; margin_bottom=\u00a0\u00bb5&Prime; font_family=\u00a0\u00bbnone\u00a0\u00bb]Swim[\/mk_fancy_title][mk_fancy_title tag_name=\u00a0\u00bbh4&Prime; size=\u00a0\u00bb16&Prime; font_weight=\u00a0\u00bbbold\u00a0\u00bb txt_transform=\u00a0\u00bbnone\u00a0\u00bb font_family=\u00a0\u00bbnone\u00a0\u00bb]1,5km[\/mk_fancy_title][vc_column_text css=\u00a0\u00bb.vc_custom_1673264139891{margin-bottom: 0px !important;}\u00a0\u00bb]Natation en mer dans la magnifique plage de L\u2019hippodrome D\u00e9part en Mass Start avec 2 laps de 750m avec sortie \u00e0 l\u2019australienne[\/vc_column_text][mk_button dimension=\u00a0\u00bbflat\u00a0\u00bb size=\u00a0\u00bbmedium\u00a0\u00bb url=\u00a0\u00bbhttps:\/\/www.openrunner.com\/route-details\/14831146&Prime; target=\u00a0\u00bb_blank\u00a0\u00bb margin_right=\u00a0\u00bb0&Prime;]Parcours OpenRunner[\/mk_button][\/vc_column_inner][vc_column_inner width=\u00a0\u00bb1\/2&Prime; css=\u00a0\u00bb.vc_custom_1415529567907{margin-bottom: 40px !important;}\u00a0\u00bb][vc_raw_html]JTNDaWZyYW1lJTIwd2lkdGglM0QlMjIxMDAlMjUlMjIlMjBoZWlnaHQlM0QlMjI2NTAlMjIlMjBzcmMlM0QlMjJodHRwcyUzQSUyRiUyRnd3dy5vcGVucnVubmVyLmNvbSUyRmVtYmVkJTJGNDU1NjU4NjM0NzMwMzA0MjcwNDg0NjU4Njk0Yzc2NDM0MTc3NTM0MTU4NDkyYjRmMzE1OTY1NTAzMTM0NzY0ODcyMzM3YTQ4NmYzODZjNDc1MTU4NjMzZDNhM2E1Njk4ZmJlY2FhMDIxMjZhNjI5ZjQxNmViY2MwYjgwYSUzRnVuaXQlM0RtZXRyaWMlMjIlM0UlM0MlMkZpZnJhbWUlM0U=[\/vc_raw_html][\/vc_column_inner][\/vc_row_inner][vc_row_inner][vc_column_inner][mk_divider style=\u00a0\u00bbthin_solid\u00a0\u00bb margin_top=\u00a0\u00bb0&Prime; margin_bottom=\u00a0\u00bb45&Prime;][\/vc_column_inner][\/vc_row_inner][vc_row_inner][vc_column_inner [&hellip;]<\/p>\n","protected":false},"author":467,"featured_media":0,"parent":1189,"menu_order":0,"comment_status":"closed","ping_status":"closed","template":"","meta":{"footnotes":""},"class_list":["post-1192","page","type-page","status-publish","hentry"],"yoast_head":"<!-- This site is optimized with the Yoast SEO plugin v25.6 - https:\/\/yoast.com\/wordpress\/plugins\/seo\/ -->\n<title>Parcours - Challenge Cagnes-sur-mer<\/title>\n<meta name=\"robots\" content=\"index, follow, max-snippet:-1, max-image-preview:large, max-video-preview:-1\" \/>\n<link rel=\"canonical\" href=\"https:\/\/challenge-cagnessurmer.com\/fr\/information-sur-les-courses\/parcours\/\" \/>\n<meta property=\"og:locale\" content=\"fr_FR\" \/>\n<meta property=\"og:type\" content=\"article\" \/>\n<meta property=\"og:title\" content=\"Parcours - Challenge Cagnes-sur-mer\" \/>\n<meta property=\"og:description\" content=\"[vc_row][vc_column][mk_fancy_title size=\u00a0\u00bb30&Prime; font_family=\u00a0\u00bbnone\u00a0\u00bb]Distance Olympic (M)[\/mk_fancy_title][vc_row_inner][vc_column_inner width=\u00a0\u00bb1\/2&Prime; css=\u00a0\u00bb.vc_custom_1415529579939{margin-bottom: 40px !important;}\u00a0\u00bb][mk_fancy_title color=\u00a0\u00bb#e2001a\u00a0\u00bb size=\u00a0\u00bb24&Prime; margin_bottom=\u00a0\u00bb5&Prime; font_family=\u00a0\u00bbnone\u00a0\u00bb]Swim[\/mk_fancy_title][mk_fancy_title tag_name=\u00a0\u00bbh4&Prime; size=\u00a0\u00bb16&Prime; font_weight=\u00a0\u00bbbold\u00a0\u00bb txt_transform=\u00a0\u00bbnone\u00a0\u00bb font_family=\u00a0\u00bbnone\u00a0\u00bb]1,5km[\/mk_fancy_title][vc_column_text css=\u00a0\u00bb.vc_custom_1673264139891{margin-bottom: 0px !important;}\u00a0\u00bb]Natation en mer dans la magnifique plage de L\u2019hippodrome D\u00e9part en Mass Start avec 2 laps de 750m avec sortie \u00e0 l\u2019australienne[\/vc_column_text][mk_button dimension=\u00a0\u00bbflat\u00a0\u00bb size=\u00a0\u00bbmedium\u00a0\u00bb url=\u00a0\u00bbhttps:\/\/www.openrunner.com\/route-details\/14831146&Prime; target=\u00a0\u00bb_blank\u00a0\u00bb margin_right=\u00a0\u00bb0&Prime;]Parcours OpenRunner[\/mk_button][\/vc_column_inner][vc_column_inner width=\u00a0\u00bb1\/2&Prime; css=\u00a0\u00bb.vc_custom_1415529567907{margin-bottom: 40px !important;}\u00a0\u00bb][vc_raw_html]JTNDaWZyYW1lJTIwd2lkdGglM0QlMjIxMDAlMjUlMjIlMjBoZWlnaHQlM0QlMjI2NTAlMjIlMjBzcmMlM0QlMjJodHRwcyUzQSUyRiUyRnd3dy5vcGVucnVubmVyLmNvbSUyRmVtYmVkJTJGNDU1NjU4NjM0NzMwMzA0MjcwNDg0NjU4Njk0Yzc2NDM0MTc3NTM0MTU4NDkyYjRmMzE1OTY1NTAzMTM0NzY0ODcyMzM3YTQ4NmYzODZjNDc1MTU4NjMzZDNhM2E1Njk4ZmJlY2FhMDIxMjZhNjI5ZjQxNmViY2MwYjgwYSUzRnVuaXQlM0RtZXRyaWMlMjIlM0UlM0MlMkZpZnJhbWUlM0U=[\/vc_raw_html][\/vc_column_inner][\/vc_row_inner][vc_row_inner][vc_column_inner][mk_divider style=\u00a0\u00bbthin_solid\u00a0\u00bb margin_top=\u00a0\u00bb0&Prime; margin_bottom=\u00a0\u00bb45&Prime;][\/vc_column_inner][\/vc_row_inner][vc_row_inner][vc_column_inner [&hellip;]\" \/>\n<meta property=\"og:url\" content=\"https:\/\/challenge-cagnessurmer.com\/fr\/information-sur-les-courses\/parcours\/\" \/>\n<meta property=\"og:site_name\" content=\"Challenge Cagnes-sur-mer\" \/>\n<meta property=\"article:publisher\" content=\"https:\/\/www.facebook.com\/challengecagnes\" \/>\n<meta property=\"article:modified_time\" content=\"2024-05-01T06:51:37+00:00\" \/>\n<meta name=\"twitter:card\" content=\"summary_large_image\" \/>\n<meta name=\"twitter:label1\" content=\"Dur\u00e9e de lecture estim\u00e9e\" \/>\n\t<meta name=\"twitter:data1\" content=\"2 minutes\" \/>\n<script type=\"application\/ld+json\" class=\"yoast-schema-graph\">{\"@context\":\"https:\/\/schema.org\",\"@graph\":[{\"@type\":\"WebPage\",\"@id\":\"https:\/\/challenge-cagnessurmer.com\/fr\/information-sur-les-courses\/parcours\/\",\"url\":\"https:\/\/challenge-cagnessurmer.com\/fr\/information-sur-les-courses\/parcours\/\",\"name\":\"Parcours - Challenge Cagnes-sur-mer\",\"isPartOf\":{\"@id\":\"https:\/\/challenge-cagnessurmer.com\/#website\"},\"datePublished\":\"2022-11-15T13:45:15+00:00\",\"dateModified\":\"2024-05-01T06:51:37+00:00\",\"breadcrumb\":{\"@id\":\"https:\/\/challenge-cagnessurmer.com\/fr\/information-sur-les-courses\/parcours\/#breadcrumb\"},\"inLanguage\":\"fr-FR\",\"potentialAction\":[{\"@type\":\"ReadAction\",\"target\":[\"https:\/\/challenge-cagnessurmer.com\/fr\/information-sur-les-courses\/parcours\/\"]}]},{\"@type\":\"BreadcrumbList\",\"@id\":\"https:\/\/challenge-cagnessurmer.com\/fr\/information-sur-les-courses\/parcours\/#breadcrumb\",\"itemListElement\":[{\"@type\":\"ListItem\",\"position\":1,\"name\":\"Home\",\"item\":\"https:\/\/challenge-cagnessurmer.com\/fr\/\"},{\"@type\":\"ListItem\",\"position\":2,\"name\":\"Information sur les courses\",\"item\":\"https:\/\/challenge-cagnessurmer.com\/fr\/information-sur-les-courses\/\"},{\"@type\":\"ListItem\",\"position\":3,\"name\":\"Parcours\"}]},{\"@type\":\"WebSite\",\"@id\":\"https:\/\/challenge-cagnessurmer.com\/#website\",\"url\":\"https:\/\/challenge-cagnessurmer.com\/\",\"name\":\"Challenge Cagnes-sur-mer\",\"description\":\"We are triathlon\",\"publisher\":{\"@id\":\"https:\/\/challenge-cagnessurmer.com\/#organization\"},\"potentialAction\":[{\"@type\":\"SearchAction\",\"target\":{\"@type\":\"EntryPoint\",\"urlTemplate\":\"https:\/\/challenge-cagnessurmer.com\/?s={search_term_string}\"},\"query-input\":{\"@type\":\"PropertyValueSpecification\",\"valueRequired\":true,\"valueName\":\"search_term_string\"}}],\"inLanguage\":\"fr-FR\"},{\"@type\":\"Organization\",\"@id\":\"https:\/\/challenge-cagnessurmer.com\/#organization\",\"name\":\"Challenge Cagnes-sur-mer\",\"url\":\"https:\/\/challenge-cagnessurmer.com\/\",\"logo\":{\"@type\":\"ImageObject\",\"inLanguage\":\"fr-FR\",\"@id\":\"https:\/\/challenge-cagnessurmer.com\/#\/schema\/logo\/image\/\",\"url\":\"https:\/\/challenge-cagnessurmer.com\/wp-content\/uploads\/sites\/59\/2022\/11\/cc-horizontal-rgb.png\",\"contentUrl\":\"https:\/\/challenge-cagnessurmer.com\/wp-content\/uploads\/sites\/59\/2022\/11\/cc-horizontal-rgb.png\",\"width\":1785,\"height\":649,\"caption\":\"Challenge Cagnes-sur-mer\"},\"image\":{\"@id\":\"https:\/\/challenge-cagnessurmer.com\/#\/schema\/logo\/image\/\"},\"sameAs\":[\"https:\/\/www.facebook.com\/challengecagnes\",\"https:\/\/www.instagram.com\/challengecagnes\/\"]}]}<\/script>\n<!-- \/ Yoast SEO plugin. -->","yoast_head_json":{"title":"Parcours - Challenge Cagnes-sur-mer","robots":{"index":"index","follow":"follow","max-snippet":"max-snippet:-1","max-image-preview":"max-image-preview:large","max-video-preview":"max-video-preview:-1"},"canonical":"https:\/\/challenge-cagnessurmer.com\/fr\/information-sur-les-courses\/parcours\/","og_locale":"fr_FR","og_type":"article","og_title":"Parcours - Challenge Cagnes-sur-mer","og_description":"[vc_row][vc_column][mk_fancy_title size=\u00a0\u00bb30&Prime; font_family=\u00a0\u00bbnone\u00a0\u00bb]Distance Olympic (M)[\/mk_fancy_title][vc_row_inner][vc_column_inner width=\u00a0\u00bb1\/2&Prime; css=\u00a0\u00bb.vc_custom_1415529579939{margin-bottom: 40px !important;}\u00a0\u00bb][mk_fancy_title color=\u00a0\u00bb#e2001a\u00a0\u00bb size=\u00a0\u00bb24&Prime; margin_bottom=\u00a0\u00bb5&Prime; font_family=\u00a0\u00bbnone\u00a0\u00bb]Swim[\/mk_fancy_title][mk_fancy_title tag_name=\u00a0\u00bbh4&Prime; size=\u00a0\u00bb16&Prime; font_weight=\u00a0\u00bbbold\u00a0\u00bb txt_transform=\u00a0\u00bbnone\u00a0\u00bb font_family=\u00a0\u00bbnone\u00a0\u00bb]1,5km[\/mk_fancy_title][vc_column_text css=\u00a0\u00bb.vc_custom_1673264139891{margin-bottom: 0px !important;}\u00a0\u00bb]Natation en mer dans la magnifique plage de L\u2019hippodrome D\u00e9part en Mass Start avec 2 laps de 750m avec sortie \u00e0 l\u2019australienne[\/vc_column_text][mk_button dimension=\u00a0\u00bbflat\u00a0\u00bb size=\u00a0\u00bbmedium\u00a0\u00bb url=\u00a0\u00bbhttps:\/\/www.openrunner.com\/route-details\/14831146&Prime; target=\u00a0\u00bb_blank\u00a0\u00bb margin_right=\u00a0\u00bb0&Prime;]Parcours OpenRunner[\/mk_button][\/vc_column_inner][vc_column_inner width=\u00a0\u00bb1\/2&Prime; css=\u00a0\u00bb.vc_custom_1415529567907{margin-bottom: 40px !important;}\u00a0\u00bb][vc_raw_html]JTNDaWZyYW1lJTIwd2lkdGglM0QlMjIxMDAlMjUlMjIlMjBoZWlnaHQlM0QlMjI2NTAlMjIlMjBzcmMlM0QlMjJodHRwcyUzQSUyRiUyRnd3dy5vcGVucnVubmVyLmNvbSUyRmVtYmVkJTJGNDU1NjU4NjM0NzMwMzA0MjcwNDg0NjU4Njk0Yzc2NDM0MTc3NTM0MTU4NDkyYjRmMzE1OTY1NTAzMTM0NzY0ODcyMzM3YTQ4NmYzODZjNDc1MTU4NjMzZDNhM2E1Njk4ZmJlY2FhMDIxMjZhNjI5ZjQxNmViY2MwYjgwYSUzRnVuaXQlM0RtZXRyaWMlMjIlM0UlM0MlMkZpZnJhbWUlM0U=[\/vc_raw_html][\/vc_column_inner][\/vc_row_inner][vc_row_inner][vc_column_inner][mk_divider style=\u00a0\u00bbthin_solid\u00a0\u00bb margin_top=\u00a0\u00bb0&Prime; margin_bottom=\u00a0\u00bb45&Prime;][\/vc_column_inner][\/vc_row_inner][vc_row_inner][vc_column_inner [&hellip;]","og_url":"https:\/\/challenge-cagnessurmer.com\/fr\/information-sur-les-courses\/parcours\/","og_site_name":"Challenge Cagnes-sur-mer","article_publisher":"https:\/\/www.facebook.com\/challengecagnes","article_modified_time":"2024-05-01T06:51:37+00:00","twitter_card":"summary_large_image","twitter_misc":{"Dur\u00e9e de lecture estim\u00e9e":"2 minutes"},"schema":{"@context":"https:\/\/schema.org","@graph":[{"@type":"WebPage","@id":"https:\/\/challenge-cagnessurmer.com\/fr\/information-sur-les-courses\/parcours\/","url":"https:\/\/challenge-cagnessurmer.com\/fr\/information-sur-les-courses\/parcours\/","name":"Parcours - Challenge Cagnes-sur-mer","isPartOf":{"@id":"https:\/\/challenge-cagnessurmer.com\/#website"},"datePublished":"2022-11-15T13:45:15+00:00","dateModified":"2024-05-01T06:51:37+00:00","breadcrumb":{"@id":"https:\/\/challenge-cagnessurmer.com\/fr\/information-sur-les-courses\/parcours\/#breadcrumb"},"inLanguage":"fr-FR","potentialAction":[{"@type":"ReadAction","target":["https:\/\/challenge-cagnessurmer.com\/fr\/information-sur-les-courses\/parcours\/"]}]},{"@type":"BreadcrumbList","@id":"https:\/\/challenge-cagnessurmer.com\/fr\/information-sur-les-courses\/parcours\/#breadcrumb","itemListElement":[{"@type":"ListItem","position":1,"name":"Home","item":"https:\/\/challenge-cagnessurmer.com\/fr\/"},{"@type":"ListItem","position":2,"name":"Information sur les courses","item":"https:\/\/challenge-cagnessurmer.com\/fr\/information-sur-les-courses\/"},{"@type":"ListItem","position":3,"name":"Parcours"}]},{"@type":"WebSite","@id":"https:\/\/challenge-cagnessurmer.com\/#website","url":"https:\/\/challenge-cagnessurmer.com\/","name":"Challenge Cagnes-sur-mer","description":"We are triathlon","publisher":{"@id":"https:\/\/challenge-cagnessurmer.com\/#organization"},"potentialAction":[{"@type":"SearchAction","target":{"@type":"EntryPoint","urlTemplate":"https:\/\/challenge-cagnessurmer.com\/?s={search_term_string}"},"query-input":{"@type":"PropertyValueSpecification","valueRequired":true,"valueName":"search_term_string"}}],"inLanguage":"fr-FR"},{"@type":"Organization","@id":"https:\/\/challenge-cagnessurmer.com\/#organization","name":"Challenge Cagnes-sur-mer","url":"https:\/\/challenge-cagnessurmer.com\/","logo":{"@type":"ImageObject","inLanguage":"fr-FR","@id":"https:\/\/challenge-cagnessurmer.com\/#\/schema\/logo\/image\/","url":"https:\/\/challenge-cagnessurmer.com\/wp-content\/uploads\/sites\/59\/2022\/11\/cc-horizontal-rgb.png","contentUrl":"https:\/\/challenge-cagnessurmer.com\/wp-content\/uploads\/sites\/59\/2022\/11\/cc-horizontal-rgb.png","width":1785,"height":649,"caption":"Challenge Cagnes-sur-mer"},"image":{"@id":"https:\/\/challenge-cagnessurmer.com\/#\/schema\/logo\/image\/"},"sameAs":["https:\/\/www.facebook.com\/challengecagnes","https:\/\/www.instagram.com\/challengecagnes\/"]}]}},"_links":{"self":[{"href":"https:\/\/challenge-cagnessurmer.com\/fr\/wp-json\/wp\/v2\/pages\/1192"}],"collection":[{"href":"https:\/\/challenge-cagnessurmer.com\/fr\/wp-json\/wp\/v2\/pages"}],"about":[{"href":"https:\/\/challenge-cagnessurmer.com\/fr\/wp-json\/wp\/v2\/types\/page"}],"author":[{"embeddable":true,"href":"https:\/\/challenge-cagnessurmer.com\/fr\/wp-json\/wp\/v2\/users\/467"}],"replies":[{"embeddable":true,"href":"https:\/\/challenge-cagnessurmer.com\/fr\/wp-json\/wp\/v2\/comments?post=1192"}],"version-history":[{"count":14,"href":"https:\/\/challenge-cagnessurmer.com\/fr\/wp-json\/wp\/v2\/pages\/1192\/revisions"}],"predecessor-version":[{"id":1983,"href":"https:\/\/challenge-cagnessurmer.com\/fr\/wp-json\/wp\/v2\/pages\/1192\/revisions\/1983"}],"up":[{"embeddable":true,"href":"https:\/\/challenge-cagnessurmer.com\/fr\/wp-json\/wp\/v2\/pages\/1189"}],"wp:attachment":[{"href":"https:\/\/challenge-cagnessurmer.com\/fr\/wp-json\/wp\/v2\/media?parent=1192"}],"curies":[{"name":"wp","href":"https:\/\/api.w.org\/{rel}","templated":true}]}}